{"id":1578,"date":"2024-07-18T21:04:36","date_gmt":"2024-07-18T19:04:36","guid":{"rendered":"https:\/\/m\u00e4nnerchor-leibstadt.ch\/?page_id=1578"},"modified":"2026-04-11T14:40:03","modified_gmt":"2026-04-11T12:40:03","slug":"aktuelles-2","status":"publish","type":"page","link":"https:\/\/m\u00e4nnerchor-leibstadt.ch\/?page_id=1578","title":{"rendered":"Aktuelles"},"content":{"rendered":"\t\t<div data-elementor-type=\"wp-page\" data-elementor-id=\"1578\" class=\"elementor elementor-1578\">\n\t\t\t\t\t\t<section class=\"elementor-section elementor-top-section elementor-element elementor-element-0540677 elementor-section-boxed elementor-section-height-default elementor-section-height-default\" data-id=\"0540677\" data-element_type=\"section\" data-e-type=\"section\" data-settings=\"{&quot;background_background&quot;:&quot;gradient&quot;}\">\n\t\t\t\t\t\t<div class=\"elementor-container elementor-column-gap-default\">\n\t\t\t\t\t<div class=\"elementor-column elementor-col-50 elementor-top-column elementor-element elementor-element-727ae4b\" data-id=\"727ae4b\" data-element_type=\"column\" data-e-type=\"column\" data-settings=\"{&quot;background_background&quot;:&quot;gradient&quot;}\">\n\t\t\t<div class=\"elementor-widget-wrap elementor-element-populated\">\n\t\t\t\t\t\t<div class=\"elementor-element elementor-element-e01cf3a elementor-widget__width-initial elementor-widget elementor-widget-heading\" data-id=\"e01cf3a\" data-element_type=\"widget\" data-e-type=\"widget\" data-widget_type=\"heading.default\">\n\t\t\t\t<div class=\"elementor-widget-container\">\n\t\t\t\t\t<h2 class=\"elementor-heading-title elementor-size-default\">Aktuelles<\/h2>\t\t\t\t<\/div>\n\t\t\t\t<\/div>\n\t\t\t\t\t<\/div>\n\t\t<\/div>\n\t\t\t\t<div class=\"elementor-column elementor-col-50 elementor-top-column elementor-element elementor-element-5643121\" data-id=\"5643121\" data-element_type=\"column\" data-e-type=\"column\">\n\t\t\t<div class=\"elementor-widget-wrap elementor-element-populated\">\n\t\t\t\t\t\t<div class=\"elementor-element elementor-element-ffc8334 elementor-widget__width-initial elementor-widget elementor-widget-button\" data-id=\"ffc8334\" data-element_type=\"widget\" data-e-type=\"widget\" data-widget_type=\"button.default\">\n\t\t\t\t<div class=\"elementor-widget-container\">\n\t\t\t\t\t\t\t\t\t<div class=\"elementor-button-wrapper\">\n\t\t\t\t\t<a class=\"elementor-button elementor-button-link elementor-size-sm\" href=\"https:\/\/m\u00e4nnerchor-leibstadt.ch\/\">\n\t\t\t\t\t\t<span class=\"elementor-button-content-wrapper\">\n\t\t\t\t\t\t\t\t\t<span class=\"elementor-button-text\">zur\u00fcck<\/span>\n\t\t\t\t\t<\/span>\n\t\t\t\t\t<\/a>\n\t\t\t\t<\/div>\n\t\t\t\t\t\t\t\t<\/div>\n\t\t\t\t<\/div>\n\t\t\t\t\t<\/div>\n\t\t<\/div>\n\t\t\t\t\t<\/div>\n\t\t<\/section>\n\t\t\t\t<section class=\"elementor-section elementor-top-section elementor-element elementor-element-0a82378 elementor-section-boxed elementor-section-height-default elementor-section-height-default\" data-id=\"0a82378\" data-element_type=\"section\" data-e-type=\"section\">\n\t\t\t\t\t\t<div class=\"elementor-container elementor-column-gap-default\">\n\t\t\t\t\t<div class=\"elementor-column elementor-col-100 elementor-top-column elementor-element elementor-element-799e8a9\" data-id=\"799e8a9\" data-element_type=\"column\" data-e-type=\"column\" data-settings=\"{&quot;background_background&quot;:&quot;gradient&quot;}\">\n\t\t\t<div class=\"elementor-widget-wrap elementor-element-populated\">\n\t\t\t\t\t\t<div class=\"elementor-element elementor-element-248238a elementor-widget__width-initial elementor-widget elementor-widget-image\" data-id=\"248238a\" data-element_type=\"widget\" data-e-type=\"widget\" data-widget_type=\"image.default\">\n\t\t\t\t<div class=\"elementor-widget-container\">\n\t\t\t\t\t\t\t\t\t\t\t\t\t\t\t<img fetchpriority=\"high\" decoding=\"async\" width=\"719\" height=\"576\" src=\"https:\/\/xn--mnnerchor-leibstadt-gwb.ch\/wp-content\/uploads\/2026\/02\/Objekt.png\" class=\"attachment-large size-large wp-image-3448\" alt=\"\" srcset=\"https:\/\/xn--mnnerchor-leibstadt-gwb.ch\/wp-content\/uploads\/2026\/02\/Objekt.png 719w, https:\/\/xn--mnnerchor-leibstadt-gwb.ch\/wp-content\/uploads\/2026\/02\/Objekt-300x240.png 300w\" sizes=\"(max-width: 719px) 100vw, 719px\" \/>\t\t\t\t\t\t\t\t\t\t\t\t\t\t\t<\/div>\n\t\t\t\t<\/div>\n\t\t\t\t<div class=\"elementor-element elementor-element-6ea0066 elementor-widget-divider--view-line_icon elementor-view-framed elementor-widget-divider--element-align-center elementor-widget elementor-widget-divider\" data-id=\"6ea0066\" data-element_type=\"widget\" data-e-type=\"widget\" data-widget_type=\"divider.default\">\n\t\t\t\t<div class=\"elementor-widget-container\">\n\t\t\t\t\t\t\t<div class=\"elementor-divider\">\n\t\t\t<span class=\"elementor-divider-separator\">\n\t\t\t\t\t\t\t<div class=\"elementor-icon elementor-divider__element\">\n\t\t\t\t\t<svg aria-hidden=\"true\" class=\"e-font-icon-svg e-fab-itunes-note\" viewBox=\"0 0 384 512\" xmlns=\"http:\/\/www.w3.org\/2000\/svg\"><path d=\"M381.9 388.2c-6.4 27.4-27.2 42.8-55.1 48-24.5 4.5-44.9 5.6-64.5-10.2-23.9-20.1-24.2-53.4-2.7-74.4 17-16.2 40.9-19.5 76.8-25.8 6-1.1 11.2-2.5 15.6-7.4 6.4-7.2 4.4-4.1 4.4-163.2 0-11.2-5.5-14.3-17-12.3-8.2 1.4-185.7 34.6-185.7 34.6-10.2 2.2-13.4 5.2-13.4 16.7 0 234.7 1.1 223.9-2.5 239.5-4.2 18.2-15.4 31.9-30.2 39.5-16.8 9.3-47.2 13.4-63.4 10.4-43.2-8.1-58.4-58-29.1-86.6 17-16.2 40.9-19.5 76.8-25.8 6-1.1 11.2-2.5 15.6-7.4 10.1-11.5 1.8-256.6 5.2-270.2.8-5.2 3-9.6 7.1-12.9 4.2-3.5 11.8-5.5 13.4-5.5 204-38.2 228.9-43.1 232.4-43.1 11.5-.8 18.1 6 18.1 17.6.2 344.5 1.1 326-1.8 338.5z\"><\/path><\/svg><\/div>\n\t\t\t\t\t\t<\/span>\n\t\t<\/div>\n\t\t\t\t\t\t<\/div>\n\t\t\t\t<\/div>\n\t\t\t\t\t<\/div>\n\t\t<\/div>\n\t\t\t\t\t<\/div>\n\t\t<\/section>\n\t\t\t\t<section class=\"elementor-section elementor-top-section elementor-element elementor-element-90b89b1 elementor-section-boxed elementor-section-height-default elementor-section-height-default\" data-id=\"90b89b1\" data-element_type=\"section\" data-e-type=\"section\">\n\t\t\t\t\t\t<div class=\"elementor-container elementor-column-gap-default\">\n\t\t\t\t\t<div class=\"elementor-column elementor-col-50 elementor-top-column elementor-element elementor-element-a4b3831\" data-id=\"a4b3831\" data-element_type=\"column\" data-e-type=\"column\" data-settings=\"{&quot;background_background&quot;:&quot;gradient&quot;}\">\n\t\t\t<div class=\"elementor-widget-wrap\">\n\t\t\t\t\t\t\t<\/div>\n\t\t<\/div>\n\t\t\t\t<div class=\"elementor-column elementor-col-50 elementor-top-column elementor-element elementor-element-51bfcbb\" data-id=\"51bfcbb\" data-element_type=\"column\" data-e-type=\"column\" data-settings=\"{&quot;background_background&quot;:&quot;gradient&quot;}\">\n\t\t\t<div class=\"elementor-widget-wrap elementor-element-populated\">\n\t\t\t\t\t\t<div class=\"elementor-element elementor-element-1b33890 elementor-widget elementor-widget-heading\" data-id=\"1b33890\" data-element_type=\"widget\" data-e-type=\"widget\" data-widget_type=\"heading.default\">\n\t\t\t\t<div class=\"elementor-widget-container\">\n\t\t\t\t\t<h3 class=\"elementor-heading-title elementor-size-default\">Homepage Update<\/h3>\t\t\t\t<\/div>\n\t\t\t\t<\/div>\n\t\t\t\t<div class=\"elementor-element elementor-element-5b90492 elementor-widget elementor-widget-text-editor\" data-id=\"5b90492\" data-element_type=\"widget\" data-e-type=\"widget\" data-widget_type=\"text-editor.default\">\n\t\t\t\t<div class=\"elementor-widget-container\">\n\t\t\t\t\t\t\t\t\t<ul><li style=\"list-style-type: none;\"><ul><li>\/AKTUELLES<\/li><\/ul><\/li><li style=\"list-style-type: none;\"><ul><li><a href=\"https:\/\/m\u00e4nnerchor-leibstadt.ch\/?page_id=3405\">\/AKTIVIT\u00c4TEN\/Aktivit\u00e4ten 2026<\/a><\/li><li><a href=\"https:\/\/m\u00e4nnerchor-leibstadt.ch\/?page_id=193\">\/JAHRESPROGRAMM<\/a><\/li><li>\/ARCHIV\/Tonaufnahmen, Noten\/Kriminaltango<\/li><\/ul><\/li><\/ul>\t\t\t\t\t\t\t\t<\/div>\n\t\t\t\t<\/div>\n\t\t\t\t<div class=\"elementor-element elementor-element-3f8c37f elementor-widget elementor-widget-heading\" data-id=\"3f8c37f\" data-element_type=\"widget\" data-e-type=\"widget\" data-widget_type=\"heading.default\">\n\t\t\t\t<div class=\"elementor-widget-container\">\n\t\t\t\t\t<h3 class=\"elementor-heading-title elementor-size-default\">R\u00fcckblick<\/h3>\t\t\t\t<\/div>\n\t\t\t\t<\/div>\n\t\t\t\t<div class=\"elementor-element elementor-element-2aaefa7 elementor-widget elementor-widget-text-editor\" data-id=\"2aaefa7\" data-element_type=\"widget\" data-e-type=\"widget\" data-widget_type=\"text-editor.default\">\n\t\t\t\t<div class=\"elementor-widget-container\">\n\t\t\t\t\t\t\t\t\t<ul><li>24. Januar, Schlussh\u00f6ck mit Frauen, Sch\u00fctzenstube Leibstadt<\/li><li>14. Februar, Restaurant Sch\u00fctzen Leibstadt, GV 2026\u00a0<\/li><li>04. April, Kirche Leibstadt, Osternachtsfeier<\/li><\/ul>\t\t\t\t\t\t\t\t<\/div>\n\t\t\t\t<\/div>\n\t\t\t\t<div class=\"elementor-element elementor-element-6f2bccf elementor-widget elementor-widget-heading\" data-id=\"6f2bccf\" data-element_type=\"widget\" data-e-type=\"widget\" data-widget_type=\"heading.default\">\n\t\t\t\t<div class=\"elementor-widget-container\">\n\t\t\t\t\t<h3 class=\"elementor-heading-title elementor-size-default\">Ausblick<\/h3>\t\t\t\t<\/div>\n\t\t\t\t<\/div>\n\t\t\t\t<div class=\"elementor-element elementor-element-cbfa268 elementor-widget elementor-widget-text-editor\" data-id=\"cbfa268\" data-element_type=\"widget\" data-e-type=\"widget\" data-widget_type=\"text-editor.default\">\n\t\t\t\t<div class=\"elementor-widget-container\">\n\t\t\t\t\t\t\t\t\t<ul><li>Ferien 07. &#8211; 19. April<\/li><li>Die n\u00e4chste Probe findet am Montag den 27. April statt<\/li><\/ul>\t\t\t\t\t\t\t\t<\/div>\n\t\t\t\t<\/div>\n\t\t\t\t<div class=\"elementor-element elementor-element-01e45d4 elementor-widget-divider--view-line elementor-widget elementor-widget-divider\" data-id=\"01e45d4\" data-element_type=\"widget\" data-e-type=\"widget\" data-widget_type=\"divider.default\">\n\t\t\t\t<div class=\"elementor-widget-container\">\n\t\t\t\t\t\t\t<div class=\"elementor-divider\">\n\t\t\t<span class=\"elementor-divider-separator\">\n\t\t\t\t\t\t<\/span>\n\t\t<\/div>\n\t\t\t\t\t\t<\/div>\n\t\t\t\t<\/div>\n\t\t\t\t\t<\/div>\n\t\t<\/div>\n\t\t\t\t\t<\/div>\n\t\t<\/section>\n\t\t\t\t<\/div>\n\t\t","protected":false},"excerpt":{"rendered":"<p>Aktuelles zur\u00fcck Homepage Update \/AKTUELLES \/AKTIVIT\u00c4TEN\/Aktivit\u00e4ten 2026 \/JAHRESPROGRAMM \/ARCHIV\/Tonaufnahmen, Noten\/Kriminaltango R\u00fcckblick 24. Januar, Schlussh\u00f6ck mit Frauen, Sch\u00fctzenstube Leibstadt 14. Februar, Restaurant Sch\u00fctzen Leibstadt, GV 2026\u00a0 04. April, Kirche Leibstadt, Osternachtsfeier Ausblick Ferien 07. &#8211; 19. April Die n\u00e4chste Probe findet am Montag den 27. April statt<\/p>\n","protected":false},"author":1,"featured_media":0,"parent":0,"menu_order":0,"comment_status":"closed","ping_status":"closed","template":"","meta":{"footnotes":""},"class_list":["post-1578","page","type-page","status-publish","hentry"],"blocksy_meta":[],"_links":{"self":[{"href":"https:\/\/m\u00e4nnerchor-leibstadt.ch\/index.php?rest_route=\/wp\/v2\/pages\/1578","targetHints":{"allow":["GET"]}}],"collection":[{"href":"https:\/\/m\u00e4nnerchor-leibstadt.ch\/index.php?rest_route=\/wp\/v2\/pages"}],"about":[{"href":"https:\/\/m\u00e4nnerchor-leibstadt.ch\/index.php?rest_route=\/wp\/v2\/types\/page"}],"author":[{"embeddable":true,"href":"https:\/\/m\u00e4nnerchor-leibstadt.ch\/index.php?rest_route=\/wp\/v2\/users\/1"}],"replies":[{"embeddable":true,"href":"https:\/\/m\u00e4nnerchor-leibstadt.ch\/index.php?rest_route=%2Fwp%2Fv2%2Fcomments&post=1578"}],"version-history":[{"count":3,"href":"https:\/\/m\u00e4nnerchor-leibstadt.ch\/index.php?rest_route=\/wp\/v2\/pages\/1578\/revisions"}],"predecessor-version":[{"id":3599,"href":"https:\/\/m\u00e4nnerchor-leibstadt.ch\/index.php?rest_route=\/wp\/v2\/pages\/1578\/revisions\/3599"}],"wp:attachment":[{"href":"https:\/\/m\u00e4nnerchor-leibstadt.ch\/index.php?rest_route=%2Fwp%2Fv2%2Fmedia&parent=1578"}],"curies":[{"name":"wp","href":"https:\/\/api.w.org\/{rel}","templated":true}]}}