{"id":1792,"date":"2024-11-12T10:53:17","date_gmt":"2024-11-12T09:53:17","guid":{"rendered":"https:\/\/m\u00e4nnerchor-leibstadt.ch\/?page_id=1792"},"modified":"2025-01-25T15:09:24","modified_gmt":"2025-01-25T14:09:24","slug":"aktivitaeten-2024","status":"publish","type":"page","link":"https:\/\/m\u00e4nnerchor-leibstadt.ch\/?page_id=1792","title":{"rendered":"Aktivit\u00e4ten 2024"},"content":{"rendered":"\t\t<div data-elementor-type=\"wp-page\" data-elementor-id=\"1792\" class=\"elementor elementor-1792\">\n\t\t\t\t\t\t<section class=\"elementor-section elementor-top-section elementor-element elementor-element-b7e456e elementor-section-boxed elementor-section-height-default elementor-section-height-default\" data-id=\"b7e456e\" data-element_type=\"section\" data-e-type=\"section\">\n\t\t\t\t\t\t<div class=\"elementor-container elementor-column-gap-default\">\n\t\t\t\t\t<div class=\"elementor-column elementor-col-100 elementor-top-column elementor-element elementor-element-1f7d63a\" data-id=\"1f7d63a\" data-element_type=\"column\" data-e-type=\"column\">\n\t\t\t<div class=\"elementor-widget-wrap elementor-element-populated\">\n\t\t\t\t\t\t<div class=\"elementor-element elementor-element-e404ffc elementor-widget elementor-widget-heading\" data-id=\"e404ffc\" data-element_type=\"widget\" data-e-type=\"widget\" data-widget_type=\"heading.default\">\n\t\t\t\t<div class=\"elementor-widget-container\">\n\t\t\t\t\t<h1 class=\"elementor-heading-title elementor-size-default\">Aktivit\u00e4ten 2024<\/h1>\t\t\t\t<\/div>\n\t\t\t\t<\/div>\n\t\t\t\t\t<\/div>\n\t\t<\/div>\n\t\t\t\t\t<\/div>\n\t\t<\/section>\n\t\t\t\t<section class=\"elementor-section elementor-top-section elementor-element elementor-element-74786e0 elementor-section-boxed elementor-section-height-default elementor-section-height-default\" data-id=\"74786e0\" data-element_type=\"section\" data-e-type=\"section\">\n\t\t\t\t\t\t<div class=\"elementor-container elementor-column-gap-default\">\n\t\t\t\t\t<div class=\"elementor-column elementor-col-100 elementor-top-column elementor-element elementor-element-90b0cbf\" data-id=\"90b0cbf\" data-element_type=\"column\" data-e-type=\"column\">\n\t\t\t<div class=\"elementor-widget-wrap elementor-element-populated\">\n\t\t\t\t\t\t<section class=\"elementor-section elementor-inner-section elementor-element elementor-element-e924b44 elementor-section-boxed elementor-section-height-default elementor-section-height-default\" data-id=\"e924b44\" data-element_type=\"section\" data-e-type=\"section\">\n\t\t\t\t\t\t<div class=\"elementor-container elementor-column-gap-default\">\n\t\t\t\t\t<div class=\"elementor-column elementor-col-100 elementor-inner-column elementor-element elementor-element-edb537d\" data-id=\"edb537d\" data-element_type=\"column\" data-e-type=\"column\">\n\t\t\t<div class=\"elementor-widget-wrap elementor-element-populated\">\n\t\t\t\t\t\t<div class=\"elementor-element elementor-element-9c16159 elementor-widget elementor-widget-heading\" data-id=\"9c16159\" data-element_type=\"widget\" data-e-type=\"widget\" data-widget_type=\"heading.default\">\n\t\t\t\t<div class=\"elementor-widget-container\">\n\t\t\t\t\t<h3 class=\"elementor-heading-title elementor-size-default\">Jubilaren St\u00e4ndli, 10. Nov. 2024<\/h3>\t\t\t\t<\/div>\n\t\t\t\t<\/div>\n\t\t\t\t<div class=\"elementor-element elementor-element-7a20fa2 elementor-widget elementor-widget-heading\" data-id=\"7a20fa2\" data-element_type=\"widget\" data-e-type=\"widget\" data-widget_type=\"heading.default\">\n\t\t\t\t<div class=\"elementor-widget-container\">\n\t\t\t\t\t<h5 class=\"elementor-heading-title elementor-size-default\">Von Roll Saal Leibstadt<\/h5>\t\t\t\t<\/div>\n\t\t\t\t<\/div>\n\t\t\t\t\t<\/div>\n\t\t<\/div>\n\t\t\t\t\t<\/div>\n\t\t<\/section>\n\t\t\t\t<section class=\"elementor-section elementor-inner-section elementor-element elementor-element-5051b60 elementor-section-boxed elementor-section-height-default elementor-section-height-default\" data-id=\"5051b60\" data-element_type=\"section\" data-e-type=\"section\">\n\t\t\t\t\t\t<div class=\"elementor-container elementor-column-gap-default\">\n\t\t\t\t\t<div class=\"elementor-column elementor-col-50 elementor-inner-column elementor-element elementor-element-b0571e4\" data-id=\"b0571e4\" data-element_type=\"column\" data-e-type=\"column\">\n\t\t\t<div class=\"elementor-widget-wrap elementor-element-populated\">\n\t\t\t\t\t\t<div class=\"elementor-element elementor-element-95f946d elementor-widget elementor-widget-image\" data-id=\"95f946d\" data-element_type=\"widget\" data-e-type=\"widget\" data-widget_type=\"image.default\">\n\t\t\t\t<div class=\"elementor-widget-container\">\n\t\t\t\t\t\t\t\t\t\t\t\t\t\t\t<img fetchpriority=\"high\" decoding=\"async\" width=\"1024\" height=\"461\" src=\"https:\/\/xn--mnnerchor-leibstadt-gwb.ch\/wp-content\/uploads\/2024\/11\/Staendli-Leibstadt-1024x461.jpg\" class=\"attachment-large size-large wp-image-1794\" alt=\"Jubilaren St\u00e4ndli M\u00e4nnerchor Leibstadt\" srcset=\"https:\/\/xn--mnnerchor-leibstadt-gwb.ch\/wp-content\/uploads\/2024\/11\/Staendli-Leibstadt-1024x461.jpg 1024w, https:\/\/xn--mnnerchor-leibstadt-gwb.ch\/wp-content\/uploads\/2024\/11\/Staendli-Leibstadt-300x135.jpg 300w, https:\/\/xn--mnnerchor-leibstadt-gwb.ch\/wp-content\/uploads\/2024\/11\/Staendli-Leibstadt-768x346.jpg 768w, https:\/\/xn--mnnerchor-leibstadt-gwb.ch\/wp-content\/uploads\/2024\/11\/Staendli-Leibstadt-1536x692.jpg 1536w, https:\/\/xn--mnnerchor-leibstadt-gwb.ch\/wp-content\/uploads\/2024\/11\/Staendli-Leibstadt-e1731404902655.jpg 1300w\" sizes=\"(max-width: 1024px) 100vw, 1024px\" \/>\t\t\t\t\t\t\t\t\t\t\t\t\t\t\t<\/div>\n\t\t\t\t<\/div>\n\t\t\t\t\t<\/div>\n\t\t<\/div>\n\t\t\t\t<div class=\"elementor-column elementor-col-50 elementor-inner-column elementor-element elementor-element-6d68ccc\" data-id=\"6d68ccc\" data-element_type=\"column\" data-e-type=\"column\">\n\t\t\t<div class=\"elementor-widget-wrap elementor-element-populated\">\n\t\t\t\t\t\t<div class=\"elementor-element elementor-element-8e6db31 elementor-widget elementor-widget-text-editor\" data-id=\"8e6db31\" data-element_type=\"widget\" data-e-type=\"widget\" data-widget_type=\"text-editor.default\">\n\t\t\t\t<div class=\"elementor-widget-container\">\n\t\t\t\t\t\t\t\t\t<p>Am 10. November 2024 fand das Jubilaren St\u00e4ndli zusammen mit der Musikgesellschaft im gut besetzten Vor Roll Saal statt. Da Georg als unser Dirigent aus gesundheitlichen Gr\u00fcnden ausfiel, dirigierte Andrea Graf zur grossen Zufriedenheit den M\u00e4nnerchor.<\/p>\t\t\t\t\t\t\t\t<\/div>\n\t\t\t\t<\/div>\n\t\t\t\t\t<\/div>\n\t\t<\/div>\n\t\t\t\t\t<\/div>\n\t\t<\/section>\n\t\t\t\t\t<\/div>\n\t\t<\/div>\n\t\t\t\t\t<\/div>\n\t\t<\/section>\n\t\t\t\t<section class=\"elementor-section elementor-top-section elementor-element elementor-element-9b5154b elementor-section-boxed elementor-section-height-default elementor-section-height-default\" data-id=\"9b5154b\" data-element_type=\"section\" data-e-type=\"section\">\n\t\t\t\t\t\t<div class=\"elementor-container elementor-column-gap-default\">\n\t\t\t\t\t<div class=\"elementor-column elementor-col-100 elementor-top-column elementor-element elementor-element-32c813a\" data-id=\"32c813a\" data-element_type=\"column\" data-e-type=\"column\">\n\t\t\t<div class=\"elementor-widget-wrap elementor-element-populated\">\n\t\t\t\t\t\t<section class=\"elementor-section elementor-inner-section elementor-element elementor-element-31c1ad3 elementor-section-boxed elementor-section-height-default elementor-section-height-default\" data-id=\"31c1ad3\" data-element_type=\"section\" data-e-type=\"section\">\n\t\t\t\t\t\t<div class=\"elementor-container elementor-column-gap-default\">\n\t\t\t\t\t<div class=\"elementor-column elementor-col-100 elementor-inner-column elementor-element elementor-element-9de1353\" data-id=\"9de1353\" data-element_type=\"column\" data-e-type=\"column\">\n\t\t\t<div class=\"elementor-widget-wrap elementor-element-populated\">\n\t\t\t\t\t\t<div class=\"elementor-element elementor-element-cb0712c elementor-widget elementor-widget-heading\" data-id=\"cb0712c\" data-element_type=\"widget\" data-e-type=\"widget\" data-widget_type=\"heading.default\">\n\t\t\t\t<div class=\"elementor-widget-container\">\n\t\t\t\t\t<h3 class=\"elementor-heading-title elementor-size-default\">Gottesdienst Nussbaumer Frauenbund, 01. Oktober 2024<\/h3>\t\t\t\t<\/div>\n\t\t\t\t<\/div>\n\t\t\t\t<div class=\"elementor-element elementor-element-01e094a elementor-widget elementor-widget-heading\" data-id=\"01e094a\" data-element_type=\"widget\" data-e-type=\"widget\" data-widget_type=\"heading.default\">\n\t\t\t\t<div class=\"elementor-widget-container\">\n\t\t\t\t\t<h5 class=\"elementor-heading-title elementor-size-default\">Von Roll Saal Leibstadt<\/h5>\t\t\t\t<\/div>\n\t\t\t\t<\/div>\n\t\t\t\t\t<\/div>\n\t\t<\/div>\n\t\t\t\t\t<\/div>\n\t\t<\/section>\n\t\t\t\t<section class=\"elementor-section elementor-inner-section elementor-element elementor-element-04b4719 elementor-section-boxed elementor-section-height-default elementor-section-height-default\" data-id=\"04b4719\" data-element_type=\"section\" data-e-type=\"section\">\n\t\t\t\t\t\t<div class=\"elementor-container elementor-column-gap-default\">\n\t\t\t\t\t<div class=\"elementor-column elementor-col-50 elementor-inner-column elementor-element elementor-element-a760454\" data-id=\"a760454\" data-element_type=\"column\" data-e-type=\"column\">\n\t\t\t<div class=\"elementor-widget-wrap elementor-element-populated\">\n\t\t\t\t\t\t<div class=\"elementor-element elementor-element-37e7db2 elementor-widget elementor-widget-image\" data-id=\"37e7db2\" data-element_type=\"widget\" data-e-type=\"widget\" data-widget_type=\"image.default\">\n\t\t\t\t<div class=\"elementor-widget-container\">\n\t\t\t\t\t\t\t\t\t\t\t\t\t\t\t<img decoding=\"async\" width=\"1024\" height=\"618\" src=\"https:\/\/xn--mnnerchor-leibstadt-gwb.ch\/wp-content\/uploads\/2024\/11\/Chor-1-1024x618.jpg\" class=\"attachment-large size-large wp-image-1801\" alt=\"\" srcset=\"https:\/\/xn--mnnerchor-leibstadt-gwb.ch\/wp-content\/uploads\/2024\/11\/Chor-1-1024x618.jpg 1024w, https:\/\/xn--mnnerchor-leibstadt-gwb.ch\/wp-content\/uploads\/2024\/11\/Chor-1-300x181.jpg 300w, https:\/\/xn--mnnerchor-leibstadt-gwb.ch\/wp-content\/uploads\/2024\/11\/Chor-1-768x463.jpg 768w, https:\/\/xn--mnnerchor-leibstadt-gwb.ch\/wp-content\/uploads\/2024\/11\/Chor-1-1536x927.jpg 1536w, https:\/\/xn--mnnerchor-leibstadt-gwb.ch\/wp-content\/uploads\/2024\/11\/Chor-1.jpg 1540w\" sizes=\"(max-width: 1024px) 100vw, 1024px\" \/>\t\t\t\t\t\t\t\t\t\t\t\t\t\t\t<\/div>\n\t\t\t\t<\/div>\n\t\t\t\t\t<\/div>\n\t\t<\/div>\n\t\t\t\t<div class=\"elementor-column elementor-col-50 elementor-inner-column elementor-element elementor-element-07fb392\" data-id=\"07fb392\" data-element_type=\"column\" data-e-type=\"column\">\n\t\t\t<div class=\"elementor-widget-wrap elementor-element-populated\">\n\t\t\t\t\t\t<div class=\"elementor-element elementor-element-1a038e5 elementor-widget elementor-widget-text-editor\" data-id=\"1a038e5\" data-element_type=\"widget\" data-e-type=\"widget\" data-widget_type=\"text-editor.default\">\n\t\t\t\t<div class=\"elementor-widget-container\">\n\t\t\t\t\t\t\t\t\t<p>Der Gottesdienst mit den Nussbaumer Frauen war zun\u00e4chst in der Grotte in Leuggern vorgesehen, aufgrund der widrigen Witterungsverh\u00e4ltnisse mussten wir jedoch in die Kirche ausweichen.<br \/><span style=\"font-family: inherit; font-size: inherit; font-style: inherit; font-variant-ligatures: inherit; font-variant-caps: inherit; font-weight: inherit; color: var(--theme-text-color); letter-spacing: var(--theme-letter-spacing); text-transform: var(--theme-text-transform);\">Die Frauen zeigten sich beeindruckt von der Klangkraft des M\u00e4nnerchors. Das Lied \u201cSchau in die Welt\u201d wurde speziell hervorgehoben.<\/span><\/p><p>Gesungene Lieder:<\/p><ul><li>Herrr, deine G\u00fcte reicht so weit der Himmel ist<\/li><li>Tebe Pojem (Dimitri Portniansky \u2013 Altrusischer Kirchengesang)<\/li><li>Ave Maria (Johannes Schweitzer)<\/li><li>Schau in die Welt (John Rutter)<\/li><li>Andachtsjodler (S\u00fcdtirol)<\/li><li>M\u00f6gen sich die Wege vor deinen F\u00fcssen ebnen (Irischer Segenswunsch)<\/li><\/ul>\t\t\t\t\t\t\t\t<\/div>\n\t\t\t\t<\/div>\n\t\t\t\t\t<\/div>\n\t\t<\/div>\n\t\t\t\t\t<\/div>\n\t\t<\/section>\n\t\t\t\t\t<\/div>\n\t\t<\/div>\n\t\t\t\t\t<\/div>\n\t\t<\/section>\n\t\t\t\t<section class=\"elementor-section elementor-top-section elementor-element elementor-element-dca92ca elementor-section-boxed elementor-section-height-default elementor-section-height-default\" data-id=\"dca92ca\" data-element_type=\"section\" data-e-type=\"section\">\n\t\t\t\t\t\t<div class=\"elementor-container elementor-column-gap-default\">\n\t\t\t\t\t<div class=\"elementor-column elementor-col-100 elementor-top-column elementor-element elementor-element-3aaa271\" data-id=\"3aaa271\" data-element_type=\"column\" data-e-type=\"column\">\n\t\t\t<div class=\"elementor-widget-wrap elementor-element-populated\">\n\t\t\t\t\t\t<section class=\"elementor-section elementor-inner-section elementor-element elementor-element-1ce6fbf elementor-section-boxed elementor-section-height-default elementor-section-height-default\" data-id=\"1ce6fbf\" data-element_type=\"section\" data-e-type=\"section\">\n\t\t\t\t\t\t<div class=\"elementor-container elementor-column-gap-default\">\n\t\t\t\t\t<div class=\"elementor-column elementor-col-100 elementor-inner-column elementor-element elementor-element-fbcd61b\" data-id=\"fbcd61b\" data-element_type=\"column\" data-e-type=\"column\">\n\t\t\t<div class=\"elementor-widget-wrap elementor-element-populated\">\n\t\t\t\t\t\t<div class=\"elementor-element elementor-element-2fa9519 elementor-widget elementor-widget-heading\" data-id=\"2fa9519\" data-element_type=\"widget\" data-e-type=\"widget\" data-widget_type=\"heading.default\">\n\t\t\t\t<div class=\"elementor-widget-container\">\n\t\t\t\t\t<h3 class=\"elementor-heading-title elementor-size-default\">M\u00e4nnerchorreise, 01. Juni 2024<\/h3>\t\t\t\t<\/div>\n\t\t\t\t<\/div>\n\t\t\t\t<div class=\"elementor-element elementor-element-bebb22d elementor-widget elementor-widget-heading\" data-id=\"bebb22d\" data-element_type=\"widget\" data-e-type=\"widget\" data-widget_type=\"heading.default\">\n\t\t\t\t<div class=\"elementor-widget-container\">\n\t\t\t\t\t<h5 class=\"elementor-heading-title elementor-size-default\">Schifffahrt auf dem Thunersee und mit der Drahtseilbahn auf den Harder<\/h5>\t\t\t\t<\/div>\n\t\t\t\t<\/div>\n\t\t\t\t\t<\/div>\n\t\t<\/div>\n\t\t\t\t\t<\/div>\n\t\t<\/section>\n\t\t\t\t<section class=\"elementor-section elementor-inner-section elementor-element elementor-element-5500278 elementor-section-boxed elementor-section-height-default elementor-section-height-default\" data-id=\"5500278\" data-element_type=\"section\" data-e-type=\"section\">\n\t\t\t\t\t\t<div class=\"elementor-container elementor-column-gap-default\">\n\t\t\t\t\t<div class=\"elementor-column elementor-col-50 elementor-inner-column elementor-element elementor-element-23f0b59\" data-id=\"23f0b59\" data-element_type=\"column\" data-e-type=\"column\">\n\t\t\t<div class=\"elementor-widget-wrap elementor-element-populated\">\n\t\t\t\t\t\t<div class=\"elementor-element elementor-element-2f7dfcb elementor-widget elementor-widget-image\" data-id=\"2f7dfcb\" data-element_type=\"widget\" data-e-type=\"widget\" data-widget_type=\"image.default\">\n\t\t\t\t<div class=\"elementor-widget-container\">\n\t\t\t\t\t\t\t\t\t\t\t\t\t\t\t<img decoding=\"async\" width=\"1000\" height=\"750\" src=\"https:\/\/xn--mnnerchor-leibstadt-gwb.ch\/wp-content\/uploads\/2024\/06\/Vogelperspektive-01.-Juni-2024-56.jpg\" class=\"attachment-large size-large wp-image-1534\" alt=\"\" srcset=\"https:\/\/xn--mnnerchor-leibstadt-gwb.ch\/wp-content\/uploads\/2024\/06\/Vogelperspektive-01.-Juni-2024-56.jpg 1000w, https:\/\/xn--mnnerchor-leibstadt-gwb.ch\/wp-content\/uploads\/2024\/06\/Vogelperspektive-01.-Juni-2024-56-300x225.jpg 300w, https:\/\/xn--mnnerchor-leibstadt-gwb.ch\/wp-content\/uploads\/2024\/06\/Vogelperspektive-01.-Juni-2024-56-768x576.jpg 768w\" sizes=\"(max-width: 1000px) 100vw, 1000px\" \/>\t\t\t\t\t\t\t\t\t\t\t\t\t\t\t<\/div>\n\t\t\t\t<\/div>\n\t\t\t\t\t<\/div>\n\t\t<\/div>\n\t\t\t\t<div class=\"elementor-column elementor-col-50 elementor-inner-column elementor-element elementor-element-c1017b9\" data-id=\"c1017b9\" data-element_type=\"column\" data-e-type=\"column\">\n\t\t\t<div class=\"elementor-widget-wrap elementor-element-populated\">\n\t\t\t\t\t\t<div class=\"elementor-element elementor-element-14f7f7f elementor-widget elementor-widget-text-editor\" data-id=\"14f7f7f\" data-element_type=\"widget\" data-e-type=\"widget\" data-widget_type=\"text-editor.default\">\n\t\t\t\t<div class=\"elementor-widget-container\">\n\t\t\t\t\t\t\t\t\t<p>Die Reise f\u00fchrte zun\u00e4chst per Car nach Thun. Trotz der schlechten Wetterprognosen hellte der Himmel jedoch zunehmend auf.<br \/>In Thun bestiegen die S\u00e4nger mit ihren Partnerinnen das Schiff Richtung Interlaken.\u00a0<span style=\"font-style: inherit; font-variant-ligatures: inherit; font-variant-caps: inherit; font-weight: inherit; letter-spacing: var(--theme-letter-spacing); text-transform: var(--theme-text-transform); color: #ffffff;\"><span style=\"font-family: inherit;\">Der See zeigte sich von seiner besten Seite. Wenn auch die h\u00f6chsten Bergspitzen in den Wolken hingen, bildeten die aufsteigenden Nebelschwaden einen besonderen Reiz. Von Interlaken aus brachte uns die Standseilbahn steil hinauf zum Harder Kulm, dem Interlaker Hausberg. Aus der <span style=\"color: #ff9900;\">Vogelperspektive<\/span> war die Aussicht auch ohne Eiger, M\u00f6nch und Jungfrau \u00fcberw\u00e4ltigend.<br \/><\/span>Am Nachmittag f\u00fchrte uns der Bus auf kurvenreicher Strecke hinauf nach Habkern, wo wir einen Alphornbauer besuchten, dessen h\u00f6chstmoderne Werkstatt besichtigten und Einblick in die Fertigungsmethoden erhielten.<\/span><\/p>\t\t\t\t\t\t\t\t<\/div>\n\t\t\t\t<\/div>\n\t\t\t\t<div class=\"elementor-element elementor-element-259dd15 elementor-align-center elementor-widget__width-initial elementor-widget elementor-widget-button\" data-id=\"259dd15\" data-element_type=\"widget\" data-e-type=\"widget\" data-widget_type=\"button.default\">\n\t\t\t\t<div class=\"elementor-widget-container\">\n\t\t\t\t\t\t\t\t\t<div class=\"elementor-button-wrapper\">\n\t\t\t\t\t<a class=\"elementor-button elementor-button-link elementor-size-sm\" href=\"https:\/\/m\u00e4nnerchor-leibstadt.ch\/?page_id=2009\">\n\t\t\t\t\t\t<span class=\"elementor-button-content-wrapper\">\n\t\t\t\t\t\t\t\t\t<span class=\"elementor-button-text\">Reisebericht und Bilder<\/span>\n\t\t\t\t\t<\/span>\n\t\t\t\t\t<\/a>\n\t\t\t\t<\/div>\n\t\t\t\t\t\t\t\t<\/div>\n\t\t\t\t<\/div>\n\t\t\t\t\t<\/div>\n\t\t<\/div>\n\t\t\t\t\t<\/div>\n\t\t<\/section>\n\t\t\t\t\t<\/div>\n\t\t<\/div>\n\t\t\t\t\t<\/div>\n\t\t<\/section>\n\t\t\t\t<\/div>\n\t\t","protected":false},"excerpt":{"rendered":"<p>Aktivit\u00e4ten 2024 Jubilaren St\u00e4ndli, 10. Nov. 2024 Von Roll Saal Leibstadt Am 10. November 2024 fand das Jubilaren St\u00e4ndli zusammen mit der Musikgesellschaft im gut besetzten Vor Roll Saal statt. Da Georg als unser Dirigent aus gesundheitlichen Gr\u00fcnden ausfiel, dirigierte Andrea Graf zur grossen Zufriedenheit den M\u00e4nnerchor. Gottesdienst Nussbaumer Frauenbund, 01. Oktober 2024 Von Roll [&hellip;]<\/p>\n","protected":false},"author":1,"featured_media":0,"parent":0,"menu_order":0,"comment_status":"closed","ping_status":"closed","template":"","meta":{"footnotes":""},"class_list":["post-1792","page","type-page","status-publish","hentry"],"blocksy_meta":[],"_links":{"self":[{"href":"https:\/\/m\u00e4nnerchor-leibstadt.ch\/index.php?rest_route=\/wp\/v2\/pages\/1792","targetHints":{"allow":["GET"]}}],"collection":[{"href":"https:\/\/m\u00e4nnerchor-leibstadt.ch\/index.php?rest_route=\/wp\/v2\/pages"}],"about":[{"href":"https:\/\/m\u00e4nnerchor-leibstadt.ch\/index.php?rest_route=\/wp\/v2\/types\/page"}],"author":[{"embeddable":true,"href":"https:\/\/m\u00e4nnerchor-leibstadt.ch\/index.php?rest_route=\/wp\/v2\/users\/1"}],"replies":[{"embeddable":true,"href":"https:\/\/m\u00e4nnerchor-leibstadt.ch\/index.php?rest_route=%2Fwp%2Fv2%2Fcomments&post=1792"}],"version-history":[{"count":0,"href":"https:\/\/m\u00e4nnerchor-leibstadt.ch\/index.php?rest_route=\/wp\/v2\/pages\/1792\/revisions"}],"wp:attachment":[{"href":"https:\/\/m\u00e4nnerchor-leibstadt.ch\/index.php?rest_route=%2Fwp%2Fv2%2Fmedia&parent=1792"}],"curies":[{"name":"wp","href":"https:\/\/api.w.org\/{rel}","templated":true}]}}