{"id":222,"date":"2023-12-28T21:21:27","date_gmt":"2023-12-28T20:21:27","guid":{"rendered":"https:\/\/m\u00e4nnerchor-leibstadt.ch\/?page_id=222"},"modified":"2024-01-05T23:58:16","modified_gmt":"2024-01-05T22:58:16","slug":"datenschutzerklaerung","status":"publish","type":"page","link":"https:\/\/m\u00e4nnerchor-leibstadt.ch\/?page_id=222","title":{"rendered":"Datenschutzerkl\u00e4rung"},"content":{"rendered":"\t\t<div data-elementor-type=\"wp-page\" data-elementor-id=\"222\" class=\"elementor elementor-222\">\n\t\t\t\t\t\t<section class=\"elementor-section elementor-top-section elementor-element elementor-element-5adcab16 elementor-section-boxed elementor-section-height-default elementor-section-height-default\" data-id=\"5adcab16\" data-element_type=\"section\" data-e-type=\"section\">\n\t\t\t\t\t\t<div class=\"elementor-container elementor-column-gap-default\">\n\t\t\t\t\t<div class=\"elementor-column elementor-col-100 elementor-top-column elementor-element elementor-element-6e7a63a4\" data-id=\"6e7a63a4\" data-element_type=\"column\" data-e-type=\"column\" data-settings=\"{&quot;background_background&quot;:&quot;gradient&quot;}\">\n\t\t\t<div class=\"elementor-widget-wrap\">\n\t\t\t\t\t\t\t<\/div>\n\t\t<\/div>\n\t\t\t\t\t<\/div>\n\t\t<\/section>\n\t\t\t\t<section class=\"elementor-section elementor-top-section elementor-element elementor-element-d1dd8de elementor-section-boxed elementor-section-height-default elementor-section-height-default\" data-id=\"d1dd8de\" data-element_type=\"section\" data-e-type=\"section\">\n\t\t\t\t\t\t<div class=\"elementor-container elementor-column-gap-default\">\n\t\t\t\t\t<div class=\"elementor-column elementor-col-100 elementor-top-column elementor-element elementor-element-3751b87\" data-id=\"3751b87\" data-element_type=\"column\" data-e-type=\"column\" data-settings=\"{&quot;background_background&quot;:&quot;gradient&quot;}\">\n\t\t\t<div class=\"elementor-widget-wrap\">\n\t\t\t\t\t\t\t<\/div>\n\t\t<\/div>\n\t\t\t\t\t<\/div>\n\t\t<\/section>\n\t\t\t\t<section class=\"elementor-section elementor-top-section elementor-element elementor-element-4d06815 elementor-section-boxed elementor-section-height-default elementor-section-height-default\" data-id=\"4d06815\" data-element_type=\"section\" data-e-type=\"section\">\n\t\t\t\t\t\t<div class=\"elementor-container elementor-column-gap-default\">\n\t\t\t\t\t<div class=\"elementor-column elementor-col-100 elementor-top-column elementor-element elementor-element-ce7491a\" data-id=\"ce7491a\" data-element_type=\"column\" data-e-type=\"column\">\n\t\t\t<div class=\"elementor-widget-wrap elementor-element-populated\">\n\t\t\t\t\t\t<div class=\"elementor-element elementor-element-922242d elementor-widget elementor-widget-html\" data-id=\"922242d\" data-element_type=\"widget\" data-e-type=\"widget\" data-widget_type=\"html.default\">\n\t\t\t\t<div class=\"elementor-widget-container\">\n\t\t\t\t\t<h1>Datenschutzerkl\u00e4rung<\/h1>\r\n<p>Stand: 16. Februar 2023<\/p><h2>Inhalts\u00fcbersicht<\/h2>\r\n <ul class=\"index\"><li><a class=\"index-link\" href=\"#m3\">Verantwortlicher<\/a><\/li><li><a class=\"index-link\" href=\"#mOverview\">\u00dcbersicht der Verarbeitungen<\/a><\/li><li><a class=\"index-link\" href=\"#m354\">Wahrnehmung von Aufgaben nach Satzung oder Gesch\u00e4ftsordnung<\/a><\/li><li><a class=\"index-link\" href=\"#m328\">Plugins und eingebettete Funktionen sowie Inhalte<\/a><\/li><li><a class=\"index-link\" href=\"#m42\">Begriffsdefinitionen<\/a><\/li><\/ul><h2 id=\"m3\">Verantwortlicher<\/h2><p>Max Marchegger<br>Leuggernstrasse 193<br>5325 Leibstadt<br>Schweiz<\/p>\r\n\r\nE-Mail-Adresse: <p><a href=\"&#109;&#x61;&#x69;l&#116;&#x6f;:&#109;&#x61;x&#46;&#x6d;a&#114;&#x63;&#x68;&#101;&#x67;&#x67;e&#114;&#x40;h&#111;&#x74;m&#97;&#x69;&#x6c;&#46;&#x63;&#x6f;m\">&#109;&#x61;x&#x2e;m&#97;&#x72;&#99;&#x68;e&#103;&#x67;&#101;&#x72;&#64;&#x68;&#x6f;&#116;&#x6d;a&#x69;l&#46;&#x63;&#111;&#x6d;<\/a><\/p>\r\nImpressum: <p>www.m\u00e4nnerchor-leibstadt.ch<\/p>\r\n<h2 id=\"mOverview\">\u00dcbersicht der Verarbeitungen<\/h2><p>Die nachfolgende \u00dcbersicht fasst die Arten der verarbeiteten Daten und die Zwecke ihrer Verarbeitung zusammen und verweist auf die betroffenen Personen.<\/p><h3>Arten der verarbeiteten Daten<\/h3>\r\n<ul><li>Bestandsdaten<\/li><li.<\/li><li>Standortdaten<\/li><li>Kontaktdaten<\/li><li>Inhaltsdaten<\/li><li>Meta-, Kommunikations- und Verfahrensdaten<\/li><\/ul><h3>Kategorien betroffener Personen<\/h3><ul><li>Mitglieder<\/li><\/ul><h3>Zwecke der Verarbeitung<\/h3><ul><li>Kontaktanfragen und Kommunikation<\/li><li> Nutzerfreundlichkeit<\/li><\/ul><h2 id=\"m354\">Wahrnehmung von Aufgaben nach Satzung oder Gesch\u00e4ftsordnung (Vereinsstatuten)<\/h2><p>Wir verarbeiten die Daten unserer Mitglieder, Unterst\u00fctzer oder sonstiger Personen (Zusammenfassend \"Betroffene\"), wenn wir mit ihnen in einem Mitgliedschafts- oder sonstigem Verh\u00e4ltnis stehen und unsere Aufgaben wahrnehmen sowie Empf\u00e4nger von Leistungen und Zuwendungen sind.<\/p><p>Die hierbei verarbeiteten Daten, die Art, der Umfang und der Zweck und die Erforderlichkeit ihrer Verarbeitung, bestimmen sich nach dem zugrundeliegenden Mitgliedschaftsverh\u00e4ltnis, aus dem sich auch die Erforderlichkeit etwaiger Datenangaben ergeben (im \u00dcbrigen weisen wir auf erforderliche Daten hin).<\/p>\r\n<p>Wir l\u00f6schen Daten, die zur Erbringung unserer satzungssm\u00e4\u00dfigen Zwecke nicht mehr erforderlich sind. <\/p>\r\n<ul class=\"m-elements\"><li><strong>Verarbeitete Datenarten:<\/strong> Bestandsdaten (z.B. Namen, Adressen);  Kontaktdaten (z.B. E-Mail, Telefonnummern).<\/li><li><strong>Betroffene Personen:<\/strong> Mitglieder.<\/li><li><strong>Zwecke der Verarbeitung:<\/strong> Einhaltung der Vereinsstatuten; Kontaktanfragen und Kommunikation; Verwaltung und Beantwortung von Anfragen.<\/li><li><strong>Rechtsgrundlagen:<\/strong> Berechtigte Interessen (Art. 6 Abs. 1 S. 1 lit. f) DSGVO).<\/li><\/ul><h2 id=\"m328\">Plugins und eingebettete Funktionen sowie Inhalte<\/h2><p>Wir binden Funktions- und Inhaltselemente ein, die von den Servern ihrer jeweiligen Anbieter (nachfolgend bezeichnet als \"Drittanbieter\u201d) bezogen werden. Dabei kann es sich zum Beispiel um Grafiken, Videos oder Stadtpl\u00e4ne handeln (nachfolgend einheitlich bezeichnet als \"Inhalte\u201d).<\/p>\r\n<p>Die Einbindung setzt immer voraus, dass die Drittanbieter dieser Inhalte die IP-Adresse der Nutzer verarbeiten, da sie ohne die IP-Adresse die Inhalte nicht an deren Browser senden k\u00f6nnten. Die IP-Adresse ist damit f\u00fcr die Darstellung dieser Inhalte oder Funktionen erforderlich. Wir bem\u00fchen uns, nur solche Inhalte zu verwenden, deren jeweilige Anbieter die IP-Adresse lediglich zur Auslieferung der Inhalte verwenden. Drittanbieter k\u00f6nnen ferner sogenannte Pixel-Tags (unsichtbare Grafiken, auch als \"Web Beacons\" bezeichnet) f\u00fcr statistische oder Marketingzwecke verwenden. Durch die \"Pixel-Tags\" k\u00f6nnen Informationen, wie der Besucherverkehr auf den Seiten dieser Webseite, ausgewertet werden. Die pseudonymen Informationen k\u00f6nnen ferner in Cookies auf dem Ger\u00e4t der Nutzer gespeichert werden und unter anderem technische Informationen zum Browser und zum Betriebssystem, zu verweisenden Webseiten, zur Besuchszeit sowie weitere Angaben zur Nutzung unseres Onlineangebotes enthalten als auch mit solchen Informationen aus anderen Quellen verbunden werden.<\/p>\r\n<ul class=\"m-elements\"><li><strong>Verarbeitete Datenarten:<\/strong> Nutzungsdaten (z.B. besuchte Webseiten, Interesse an Inhalten, Zugriffszeiten); Meta-, Kommunikations- und Verfahrensdaten (z. B. IP-Adressen, Zeitangaben, Identifikationsnummern, Einwilligungsstatus); Bestandsdaten (z.B. Namen, Adressen); Kontaktdaten (z.B. E-Mail, Telefonnummern); Inhaltsdaten (z.B. Eingaben in Onlineformularen); Standortdaten (Angaben zur geografischen Position eines Ger\u00e4tes oder einer Person).<\/li><li><strong>Betroffene Personen:<\/strong> Nutzer (z.B. Webseitenbesucher).<\/li><li><strong>Zwecke der Verarbeitung:<\/strong> Nutzerfreundlichkeit.<\/li><li><strong>Rechtsgrundlagen:<\/strong> Berechtigte Interessen (Art. 6 Abs. 1 S. 1 lit. f) DSGVO).<\/li><\/ul><p><strong>Weitere Hinweise zu Verarbeitungsprozessen, Verfahren und Diensten:<\/strong><\/p><ul class=\"m-elements\"><li><strong><strong>Google Maps: <\/strong>: <\/strong>Wir binden die Landkarten des Dienstes \u201cGoogle Maps\u201d des Anbieters Google ein. Zu den verarbeiteten Daten k\u00f6nnen insbesondere IP-Adressen und Standortdaten der Nutzer geh\u00f6ren; <strong>Dienstanbieter:<\/strong> Google Cloud EMEA Limited, 70 Sir John Rogerson\u2019s Quay, Dublin 2, Irland; <strong>Rechtsgrundlagen:<\/strong> Berechtigte Interessen (Art. 6 Abs. 1 S. 1 lit. f) DSGVO); <strong>Website:<\/strong>  <a href=\"https:\/\/mapsplatform.google.com\/\" target=\"_blank\">https:\/\/mapsplatform.google.com\/<\/a>; <strong>Datenschutzerkl\u00e4rung:<\/strong> <a href=\"https:\/\/policies.google.com\/privacy\" target=\"_blank\">https:\/\/policies.google.com\/privacy<\/a>.<\/li><li><strong><strong>YouTube-Videos: <\/strong>: <\/strong>Videoinhalte; <strong>Dienstanbieter:<\/strong> Google Ireland Limited, Gordon House, Barrow Street, Dublin 4, Irland; <strong>Rechtsgrundlagen:<\/strong> Berechtigte Interessen (Art. 6 Abs. 1 S. 1 lit. f) DSGVO); <strong>Website:<\/strong> <a href=\"https:\/\/www.youtube.com\" target=\"_blank\">https:\/\/www.youtube.com<\/a>; <strong>Datenschutzerkl\u00e4rung:<\/strong> <a href=\"https:\/\/policies.google.com\/privacy\" target=\"_blank\">https:\/\/policies.google.com\/privacy<\/a>; <strong>Widerspruchsm\u00f6glichkeit (Opt-Out):<\/strong> Opt-Out-Plugin: <a href=\"https:\/\/tools.google.com\/dlpage\/gaoptout?hl=de\" target=\"_blank\">https:\/\/tools.google.com\/dlpage\/gaoptout?hl=de<\/a>,  Einstellungen f\u00fcr die Darstellung von Werbeeinblendungen: <a href=\"https:\/\/adssettings.google.com\/authenticated\" target=\"_blank\">https:\/\/adssettings.google.com\/authenticated<\/a>.<\/li><\/ul><h2 id=\"m42\">Begriffsdefinitionen<\/h2><p>In diesem Abschnitt erhalten Sie eine \u00dcbersicht \u00fcber die in dieser Datenschutzerkl\u00e4rung verwendeten Begrifflichkeiten. Viele der Begriffe sind dem Gesetz entnommen und vor allem im Art. 4 DSGVO definiert. Die gesetzlichen Definitionen sind verbindlich. Die nachfolgenden Erl\u00e4uterungen sollen dagegen vor allem dem Verst\u00e4ndnis dienen. Die Begriffe sind alphabetisch sortiert.<\/p>\r\n <ul class=\"glossary\"><li><strong>Personenbezogene Daten:<\/strong> \"Personenbezogene Daten\u201c sind alle Informationen, die sich auf eine identifizierte oder identifizierbare nat\u00fcrliche Person (im Folgenden \"betroffene Person\u201c) beziehen; als identifizierbar wird eine nat\u00fcrliche Person angesehen, die direkt oder indirekt, insbesondere mittels Zuordnung zu einer Kennung wie einem Namen, zu einer Kennnummer, zu Standortdaten, zu einer Online-Kennung (z.B. Cookie) oder zu einem oder mehreren besonderen Merkmalen identifiziert werden kann, die Ausdruck der physischen, physiologischen, genetischen, psychischen, wirtschaftlichen, kulturellen oder sozialen Identit\u00e4t dieser nat\u00fcrlichen Person sind. <\/li><li><strong>Standortdaten:<\/strong> Standortdaten entstehen, wenn sich ein mobiles Ger\u00e4t (oder ein anderes Ger\u00e4t mit den technischen Voraussetzungen einer Standortbestimmung) mit einer Funkzelle, einem WLAN oder \u00e4hnlichen technischen Mittlern und Funktionen der Standortbestimmung, verbindet. Standortdaten dienen der Angabe, an welcher geografisch bestimmbaren Position der Erde sich das jeweilige Ger\u00e4t befindet. Standortdaten k\u00f6nnen z. B. eingesetzt werden, um Kartenfunktionen oder andere von einem Ort abh\u00e4ngige Informationen darzustellen. <\/li><li><strong>Verantwortlicher:<\/strong> Als \"Verantwortlicher\u201c wird die nat\u00fcrliche oder juristische Person, Beh\u00f6rde, Einrichtung oder andere Stelle, die allein oder gemeinsam mit anderen \u00fcber die Zwecke und Mittel der Verarbeitung von personenbezogenen Daten entscheidet, bezeichnet. <\/li><li><strong>Verarbeitung:<\/strong> \"Verarbeitung\" ist jeder mit oder ohne Hilfe automatisierter Verfahren ausgef\u00fchrte Vorgang oder jede solche Vorgangsreihe im Zusammenhang mit personenbezogenen Daten. Der Begriff reicht weit und umfasst praktisch jeden Umgang mit Daten, sei es das Erheben, das Auswerten, das Speichern, das \u00dcbermitteln oder das L\u00f6schen. <\/li><\/ul><p class=\"seal\"><a href=\"https:\/\/datenschutz-generator.de\/\" title=\"Rechtstext von Dr. Schwenke - f\u00fcr weitere Informationen bitte anklicken.\" target=\"_blank\" rel=\"noopener noreferrer nofollow\">Erstellt mit kostenlosem Datenschutz-Generator.de von Dr. Thomas Schwenke\r\n \t\t\t\t<\/div>\n\t\t\t\t<\/div>\n\t\t\t\t\t<\/div>\n\t\t<\/div>\n\t\t\t\t\t<\/div>\n\t\t<\/section>\n\t\t\t\t<\/div>\n\t\t","protected":false},"excerpt":{"rendered":"<p>Datenschutzerkl\u00e4rung Stand: 16. Februar 2023 Inhalts\u00fcbersicht Verantwortlicher \u00dcbersicht der Verarbeitungen Wahrnehmung von Aufgaben nach Satzung oder Gesch\u00e4ftsordnung Plugins und eingebettete Funktionen sowie Inhalte Begriffsdefinitionen Verantwortlicher Max MarcheggerLeuggernstrasse 1935325 LeibstadtSchweiz E-Mail-Adresse: &#x6d;&#97;&#120;&#x2e;&#x6d;&#97;&#114;&#x63;&#x68;&#101;&#103;&#x67;&#x65;&#114;&#64;&#x68;&#x6f;&#116;&#109;&#x61;&#x69;&#108;&#46;&#x63;&#x6f;&#109; Impressum: www.m\u00e4nnerchor-leibstadt.ch \u00dcbersicht der Verarbeitungen Die nachfolgende \u00dcbersicht fasst die Arten der verarbeiteten Daten und die Zwecke ihrer Verarbeitung zusammen und verweist auf die [&hellip;]<\/p>\n","protected":false},"author":1,"featured_media":0,"parent":0,"menu_order":0,"comment_status":"closed","ping_status":"closed","template":"elementor_header_footer","meta":{"footnotes":""},"class_list":["post-222","page","type-page","status-publish","hentry"],"blocksy_meta":[],"_links":{"self":[{"href":"https:\/\/m\u00e4nnerchor-leibstadt.ch\/index.php?rest_route=\/wp\/v2\/pages\/222","targetHints":{"allow":["GET"]}}],"collection":[{"href":"https:\/\/m\u00e4nnerchor-leibstadt.ch\/index.php?rest_route=\/wp\/v2\/pages"}],"about":[{"href":"https:\/\/m\u00e4nnerchor-leibstadt.ch\/index.php?rest_route=\/wp\/v2\/types\/page"}],"author":[{"embeddable":true,"href":"https:\/\/m\u00e4nnerchor-leibstadt.ch\/index.php?rest_route=\/wp\/v2\/users\/1"}],"replies":[{"embeddable":true,"href":"https:\/\/m\u00e4nnerchor-leibstadt.ch\/index.php?rest_route=%2Fwp%2Fv2%2Fcomments&post=222"}],"version-history":[{"count":0,"href":"https:\/\/m\u00e4nnerchor-leibstadt.ch\/index.php?rest_route=\/wp\/v2\/pages\/222\/revisions"}],"wp:attachment":[{"href":"https:\/\/m\u00e4nnerchor-leibstadt.ch\/index.php?rest_route=%2Fwp%2Fv2%2Fmedia&parent=222"}],"curies":[{"name":"wp","href":"https:\/\/api.w.org\/{rel}","templated":true}]}}