{"id":52,"date":"2023-12-27T20:09:35","date_gmt":"2023-12-27T20:09:35","guid":{"rendered":"https:\/\/xn--mnnerchor-leibstadt-gwb.ch\/?page_id=52"},"modified":"2026-04-15T11:04:17","modified_gmt":"2026-04-15T09:04:17","slug":"kontakt","status":"publish","type":"page","link":"https:\/\/m\u00e4nnerchor-leibstadt.ch\/?page_id=52","title":{"rendered":"Kontakt"},"content":{"rendered":"\t\t<div data-elementor-type=\"wp-page\" data-elementor-id=\"52\" class=\"elementor elementor-52\">\n\t\t\t\t\t\t<section class=\"elementor-section elementor-top-section elementor-element elementor-element-75fbdec ct-section-stretched elementor-section-boxed elementor-section-height-default elementor-section-height-default\" data-id=\"75fbdec\" data-element_type=\"section\" data-e-type=\"section\">\n\t\t\t\t\t\t<div class=\"elementor-container elementor-column-gap-default\">\n\t\t\t\t\t<div class=\"elementor-column elementor-col-50 elementor-top-column elementor-element elementor-element-8f1d95f\" data-id=\"8f1d95f\" data-element_type=\"column\" data-e-type=\"column\">\n\t\t\t<div class=\"elementor-widget-wrap elementor-element-populated\">\n\t\t\t\t\t\t<div class=\"elementor-element elementor-element-a3ead2c elementor-widget__width-initial elementor-widget elementor-widget-image\" data-id=\"a3ead2c\" data-element_type=\"widget\" data-e-type=\"widget\" data-widget_type=\"image.default\">\n\t\t\t\t<div class=\"elementor-widget-container\">\n\t\t\t\t\t\t\t\t\t\t\t\t\t\t\t<img fetchpriority=\"high\" decoding=\"async\" width=\"1024\" height=\"292\" src=\"https:\/\/xn--mnnerchor-leibstadt-gwb.ch\/wp-content\/uploads\/2024\/01\/MCL-Logo-1024x292.jpg\" class=\"attachment-large size-large wp-image-877\" alt=\"\" srcset=\"https:\/\/xn--mnnerchor-leibstadt-gwb.ch\/wp-content\/uploads\/2024\/01\/MCL-Logo-1024x292.jpg 1024w, https:\/\/xn--mnnerchor-leibstadt-gwb.ch\/wp-content\/uploads\/2024\/01\/MCL-Logo-300x86.jpg 300w, https:\/\/xn--mnnerchor-leibstadt-gwb.ch\/wp-content\/uploads\/2024\/01\/MCL-Logo-768x219.jpg 768w, https:\/\/xn--mnnerchor-leibstadt-gwb.ch\/wp-content\/uploads\/2024\/01\/MCL-Logo.jpg 1265w\" sizes=\"(max-width: 1024px) 100vw, 1024px\" \/>\t\t\t\t\t\t\t\t\t\t\t\t\t\t\t<\/div>\n\t\t\t\t<\/div>\n\t\t\t\t\t<\/div>\n\t\t<\/div>\n\t\t\t\t<div class=\"elementor-column elementor-col-50 elementor-top-column elementor-element elementor-element-3cb342b\" data-id=\"3cb342b\" data-element_type=\"column\" data-e-type=\"column\">\n\t\t\t<div class=\"elementor-widget-wrap elementor-element-populated\">\n\t\t\t\t\t\t<div class=\"elementor-element elementor-element-a0f7990 elementor-widget__width-initial elementor-widget elementor-widget-heading\" data-id=\"a0f7990\" data-element_type=\"widget\" data-e-type=\"widget\" data-widget_type=\"heading.default\">\n\t\t\t\t<div class=\"elementor-widget-container\">\n\t\t\t\t\t<h1 class=\"elementor-heading-title elementor-size-default\">Kontakte<\/h1>\t\t\t\t<\/div>\n\t\t\t\t<\/div>\n\t\t\t\t\t<\/div>\n\t\t<\/div>\n\t\t\t\t\t<\/div>\n\t\t<\/section>\n\t\t\t\t<section class=\"elementor-section elementor-top-section elementor-element elementor-element-413bd85 ct-section-stretched elementor-section-boxed elementor-section-height-default elementor-section-height-default\" data-id=\"413bd85\" data-element_type=\"section\" data-e-type=\"section\">\n\t\t\t\t\t\t<div class=\"elementor-container elementor-column-gap-default\">\n\t\t\t\t\t<div class=\"elementor-column elementor-col-100 elementor-top-column elementor-element elementor-element-5b2436c\" data-id=\"5b2436c\" data-element_type=\"column\" data-e-type=\"column\">\n\t\t\t<div class=\"elementor-widget-wrap elementor-element-populated\">\n\t\t\t\t\t\t<div class=\"elementor-element elementor-element-7128138 elementor-widget-divider--view-line elementor-widget elementor-widget-divider\" data-id=\"7128138\" data-element_type=\"widget\" data-e-type=\"widget\" data-widget_type=\"divider.default\">\n\t\t\t\t<div class=\"elementor-widget-container\">\n\t\t\t\t\t\t\t<div class=\"elementor-divider\">\n\t\t\t<span class=\"elementor-divider-separator\">\n\t\t\t\t\t\t<\/span>\n\t\t<\/div>\n\t\t\t\t\t\t<\/div>\n\t\t\t\t<\/div>\n\t\t\t\t\t<\/div>\n\t\t<\/div>\n\t\t\t\t\t<\/div>\n\t\t<\/section>\n\t\t\t\t<section class=\"elementor-section elementor-top-section elementor-element elementor-element-7d0ae76 ct-section-stretched elementor-section-boxed elementor-section-height-default elementor-section-height-default\" data-id=\"7d0ae76\" data-element_type=\"section\" data-e-type=\"section\">\n\t\t\t\t\t\t<div class=\"elementor-container elementor-column-gap-default\">\n\t\t\t\t\t<div class=\"elementor-column elementor-col-50 elementor-top-column elementor-element elementor-element-5ccb4f8\" data-id=\"5ccb4f8\" data-element_type=\"column\" data-e-type=\"column\">\n\t\t\t<div class=\"elementor-widget-wrap elementor-element-populated\">\n\t\t\t\t\t\t<div class=\"elementor-element elementor-element-c63d580 elementor-widget elementor-widget-heading\" data-id=\"c63d580\" data-element_type=\"widget\" data-e-type=\"widget\" data-widget_type=\"heading.default\">\n\t\t\t\t<div class=\"elementor-widget-container\">\n\t\t\t\t\t<h5 class=\"elementor-heading-title elementor-size-default\">Pr\u00e4sident<\/h5>\t\t\t\t<\/div>\n\t\t\t\t<\/div>\n\t\t\t\t\t<\/div>\n\t\t<\/div>\n\t\t\t\t<div class=\"elementor-column elementor-col-50 elementor-top-column elementor-element elementor-element-459752c\" data-id=\"459752c\" data-element_type=\"column\" data-e-type=\"column\">\n\t\t\t<div class=\"elementor-widget-wrap elementor-element-populated\">\n\t\t\t\t\t\t<div class=\"elementor-element elementor-element-4033424 elementor-widget elementor-widget-heading\" data-id=\"4033424\" data-element_type=\"widget\" data-e-type=\"widget\" data-widget_type=\"heading.default\">\n\t\t\t\t<div class=\"elementor-widget-container\">\n\t\t\t\t\t<h5 class=\"elementor-heading-title elementor-size-default\">Rolf G\u00e4rtner<\/h5>\t\t\t\t<\/div>\n\t\t\t\t<\/div>\n\t\t\t\t<div class=\"elementor-element elementor-element-2b6e3cf elementor-widget elementor-widget-text-editor\" data-id=\"2b6e3cf\" data-element_type=\"widget\" data-e-type=\"widget\" data-widget_type=\"text-editor.default\">\n\t\t\t\t<div class=\"elementor-widget-container\">\n\t\t\t\t\t\t\t\t\t<ul><li>&#x30;&#x36;&#x32;&#x20;&#56;&#55;5 2&#x35;&#x20;&#x30;&#x33;<\/li><li><a href=\"&#109;&#97;&#x69;l&#116;&#x6f;&#x3a;v&#111;&#x72;&#x73;t&#97;&#x6e;&#x64;&#64;&#109;\u00e4n&#110;&#x65;&#x72;c&#104;&#x6f;r&#45;&#108;&#x65;i&#98;&#x73;&#x74;a&#100;&#x74;&#x2e;c&#104;\">&#x76;&#x6f;&#x72;&#x73;&#116;&#97;&#110;d&#64;&#x6d;\u00e4&#x6e;&#x6e;&#101;&#114;&#99;ho&#x72;&#x2d;&#x6c;&#x65;&#x69;&#98;&#115;&#116;ad&#x74;&#x2e;&#x63;&#x68;<\/a><\/li><li><a href=\"&#x6d;&#97;i&#x6c;&#116;o&#x3a;&#114;o&#x6c;&#102;g&#x61;&#101;r&#x74;&#x6e;e&#x72;&#x40;&#103;&#x6d;&#x78;&#46;&#x63;&#x68;\">&#x72;&#x6f;&#x6c;&#x66;&#103;&#97;ert&#x6e;&#x65;&#x72;&#x40;&#103;&#109;x&#46;c&#x68;<\/a><\/li><\/ul>\t\t\t\t\t\t\t\t<\/div>\n\t\t\t\t<\/div>\n\t\t\t\t\t<\/div>\n\t\t<\/div>\n\t\t\t\t\t<\/div>\n\t\t<\/section>\n\t\t\t\t<section class=\"elementor-section elementor-top-section elementor-element elementor-element-2c3db2e ct-section-stretched elementor-section-boxed elementor-section-height-default elementor-section-height-default\" data-id=\"2c3db2e\" data-element_type=\"section\" data-e-type=\"section\">\n\t\t\t\t\t\t<div class=\"elementor-container elementor-column-gap-default\">\n\t\t\t\t\t<div class=\"elementor-column elementor-col-50 elementor-top-column elementor-element elementor-element-c0c3d33\" data-id=\"c0c3d33\" data-element_type=\"column\" data-e-type=\"column\">\n\t\t\t<div class=\"elementor-widget-wrap elementor-element-populated\">\n\t\t\t\t\t\t<div class=\"elementor-element elementor-element-275ba79 elementor-widget elementor-widget-heading\" data-id=\"275ba79\" data-element_type=\"widget\" data-e-type=\"widget\" data-widget_type=\"heading.default\">\n\t\t\t\t<div class=\"elementor-widget-container\">\n\t\t\t\t\t<h5 class=\"elementor-heading-title elementor-size-default\">Aktuar<\/h5>\t\t\t\t<\/div>\n\t\t\t\t<\/div>\n\t\t\t\t\t<\/div>\n\t\t<\/div>\n\t\t\t\t<div class=\"elementor-column elementor-col-50 elementor-top-column elementor-element elementor-element-15278db\" data-id=\"15278db\" data-element_type=\"column\" data-e-type=\"column\">\n\t\t\t<div class=\"elementor-widget-wrap elementor-element-populated\">\n\t\t\t\t\t\t<div class=\"elementor-element elementor-element-b470e12 elementor-widget elementor-widget-heading\" data-id=\"b470e12\" data-element_type=\"widget\" data-e-type=\"widget\" data-widget_type=\"heading.default\">\n\t\t\t\t<div class=\"elementor-widget-container\">\n\t\t\t\t\t<h5 class=\"elementor-heading-title elementor-size-default\">Max Marchegger<\/h5>\t\t\t\t<\/div>\n\t\t\t\t<\/div>\n\t\t\t\t<div class=\"elementor-element elementor-element-d89f772 elementor-widget elementor-widget-text-editor\" data-id=\"d89f772\" data-element_type=\"widget\" data-e-type=\"widget\" data-widget_type=\"text-editor.default\">\n\t\t\t\t<div class=\"elementor-widget-container\">\n\t\t\t\t\t\t\t\t\t<ul><li>0&#53;&#54;&#32;&#x32;&#x34;&#x37; 1&#54;&#32;&#x35;&#x34;<\/li><li><a href=\"&#x6d;&#97;i&#x6c;&#116;&#111;&#x3a;&#x76;&#111;r&#x73;&#116;a&#x6e;&#x64;&#64;m\u00e4n&#x6e;&#x65;&#114;c&#x68;&#111;r&#x2d;&#x6c;&#101;i&#x62;&#115;t&#x61;&#x64;&#116;&#x2e;&#x63;&#104;\">&#x76;&#111;r&#x73;&#x74;&#97;n&#x64;&#64;m\u00e4&#110;n&#x65;&#114;c&#x68;&#x6f;&#114;-&#x6c;&#x65;&#105;&#x62;&#x73;&#116;a&#x64;&#x74;&#46;c&#x68;<\/a><\/li><\/ul>\t\t\t\t\t\t\t\t<\/div>\n\t\t\t\t<\/div>\n\t\t\t\t\t<\/div>\n\t\t<\/div>\n\t\t\t\t\t<\/div>\n\t\t<\/section>\n\t\t\t\t<section class=\"elementor-section elementor-top-section elementor-element elementor-element-ff99fc2 ct-section-stretched elementor-section-boxed elementor-section-height-default elementor-section-height-default\" data-id=\"ff99fc2\" data-element_type=\"section\" data-e-type=\"section\">\n\t\t\t\t\t\t<div class=\"elementor-container elementor-column-gap-default\">\n\t\t\t\t\t<div class=\"elementor-column elementor-col-50 elementor-top-column elementor-element elementor-element-493135d\" data-id=\"493135d\" data-element_type=\"column\" data-e-type=\"column\">\n\t\t\t<div class=\"elementor-widget-wrap elementor-element-populated\">\n\t\t\t\t\t\t<div class=\"elementor-element elementor-element-e6e0f28 elementor-widget elementor-widget-heading\" data-id=\"e6e0f28\" data-element_type=\"widget\" data-e-type=\"widget\" data-widget_type=\"heading.default\">\n\t\t\t\t<div class=\"elementor-widget-container\">\n\t\t\t\t\t<h5 class=\"elementor-heading-title elementor-size-default\">Chorleiter\/Dirigent<\/h5>\t\t\t\t<\/div>\n\t\t\t\t<\/div>\n\t\t\t\t\t<\/div>\n\t\t<\/div>\n\t\t\t\t<div class=\"elementor-column elementor-col-50 elementor-top-column elementor-element elementor-element-4a36c8d\" data-id=\"4a36c8d\" data-element_type=\"column\" data-e-type=\"column\">\n\t\t\t<div class=\"elementor-widget-wrap elementor-element-populated\">\n\t\t\t\t\t\t<div class=\"elementor-element elementor-element-d2a2f0a elementor-widget elementor-widget-heading\" data-id=\"d2a2f0a\" data-element_type=\"widget\" data-e-type=\"widget\" data-widget_type=\"heading.default\">\n\t\t\t\t<div class=\"elementor-widget-container\">\n\t\t\t\t\t<h5 class=\"elementor-heading-title elementor-size-default\">Georg Masanz<\/h5>\t\t\t\t<\/div>\n\t\t\t\t<\/div>\n\t\t\t\t<div class=\"elementor-element elementor-element-e388087 elementor-widget elementor-widget-text-editor\" data-id=\"e388087\" data-element_type=\"widget\" data-e-type=\"widget\" data-widget_type=\"text-editor.default\">\n\t\t\t\t<div class=\"elementor-widget-container\">\n\t\t\t\t\t\t\t\t\t<ul><li>&#x30;&#x35;&#x36;&#32;&#50;82&#x20;&#x32;&#x30;&#32;&#54;9<\/li><li><a href=\"mailto:v&#111;&#114;&#115;&#116;&#97;&#110;&#100;&#64;&#109;\u00e4&#x6e;&#x6e;&#x65;&#x72;&#x63;&#x68;&#x6f;&#x72;&#x2d;&#x6c;&#x65;&#x69;&#x62;&#x73;tadt&#46;ch\">vor&#115;&#116;&#97;&#x6e;&#x64;&#x40;&#x6d;\u00e4nne&#114;&#99;&#104;&#111;&#x72;&#x2d;&#x6c;&#x65;&#x69;&#x62;sta&#100;&#116;&#46;&#x63;&#x68;<\/a><\/li><li><a href=\"m&#97;&#105;&#x6c;&#x74;o:&#103;&#101;&#x6f;&#x72;g&#46;&#109;&#97;&#x73;&#x61;nz&#64;&#x67;&#x6d;&#x78;&#46;&#99;&#104;\">g&#101;&#111;&#114;&#x67;&#x2e;&#x6d;as&#97;&#110;&#x7a;&#x40;&#x67;&#x6d;x&#46;&#99;&#104;<\/a><\/li><\/ul>\t\t\t\t\t\t\t\t<\/div>\n\t\t\t\t<\/div>\n\t\t\t\t\t<\/div>\n\t\t<\/div>\n\t\t\t\t\t<\/div>\n\t\t<\/section>\n\t\t\t\t<section class=\"elementor-section elementor-top-section elementor-element elementor-element-7664939 ct-section-stretched elementor-section-boxed elementor-section-height-default elementor-section-height-default\" data-id=\"7664939\" data-element_type=\"section\" data-e-type=\"section\">\n\t\t\t\t\t\t<div class=\"elementor-container elementor-column-gap-default\">\n\t\t\t\t\t<div class=\"elementor-column elementor-col-100 elementor-top-column elementor-element elementor-element-8deb7de\" data-id=\"8deb7de\" data-element_type=\"column\" data-e-type=\"column\">\n\t\t\t<div class=\"elementor-widget-wrap elementor-element-populated\">\n\t\t\t\t\t\t<div class=\"elementor-element elementor-element-154e998 elementor-widget-divider--view-line elementor-widget elementor-widget-divider\" data-id=\"154e998\" data-element_type=\"widget\" data-e-type=\"widget\" data-widget_type=\"divider.default\">\n\t\t\t\t<div class=\"elementor-widget-container\">\n\t\t\t\t\t\t\t<div class=\"elementor-divider\">\n\t\t\t<span class=\"elementor-divider-separator\">\n\t\t\t\t\t\t<\/span>\n\t\t<\/div>\n\t\t\t\t\t\t<\/div>\n\t\t\t\t<\/div>\n\t\t\t\t\t<\/div>\n\t\t<\/div>\n\t\t\t\t\t<\/div>\n\t\t<\/section>\n\t\t\t\t<\/div>\n\t\t","protected":false},"excerpt":{"rendered":"<p>Kontakte Pr\u00e4sident Rolf G\u00e4rtner &#x76;&#111;&#x72;&#x73;t&#x61;&#110;d&#x40;&#109;\u00e4&#110;&#x6e;&#x65;r&#x63;&#104;o&#x72;&#45;l&#x65;&#105;&#x62;&#x73;&#116;&#x61;&#x64;t&#x2e;&#99;h &#x72;o&#x6c;f&#x67;&#97;&#x65;&#114;t&#x6e;e&#x72;&#64;&#x67;&#109;&#x78;&#46;c&#x68; Aktuar Max Marchegger &#118;&#x6f;&#114;&#x73;t&#x61;n&#100;&#x40;&#109;\u00e4&#x6e;n&#x65;r&#99;&#x68;&#111;&#x72;-&#x6c;e&#x69;&#x62;&#115;&#x74;&#97;&#x64;t&#x2e;c&#104; Chorleiter\/Dirigent Georg Masanz &#x76;&#x6f;&#x72;&#x73;&#116;&#97;&#110;&#100;&#64;m\u00e4&#x6e;&#x6e;&#x65;&#x72;&#99;&#104;&#111;r-l&#x65;&#x69;&#x62;&#x73;&#x74;&#97;&#100;&#116;&#46;ch &#x67;e&#x6f;&#114;&#x67;&#46;m&#x61;&#115;&#x61;&#110;z&#x40;&#103;&#x6d;&#120;&#46;&#x63;h<\/p>\n","protected":false},"author":1,"featured_media":0,"parent":0,"menu_order":0,"comment_status":"closed","ping_status":"closed","template":"elementor_theme","meta":{"footnotes":""},"class_list":["post-52","page","type-page","status-publish","hentry"],"blocksy_meta":[],"_links":{"self":[{"href":"https:\/\/m\u00e4nnerchor-leibstadt.ch\/index.php?rest_route=\/wp\/v2\/pages\/52","targetHints":{"allow":["GET"]}}],"collection":[{"href":"https:\/\/m\u00e4nnerchor-leibstadt.ch\/index.php?rest_route=\/wp\/v2\/pages"}],"about":[{"href":"https:\/\/m\u00e4nnerchor-leibstadt.ch\/index.php?rest_route=\/wp\/v2\/types\/page"}],"author":[{"embeddable":true,"href":"https:\/\/m\u00e4nnerchor-leibstadt.ch\/index.php?rest_route=\/wp\/v2\/users\/1"}],"replies":[{"embeddable":true,"href":"https:\/\/m\u00e4nnerchor-leibstadt.ch\/index.php?rest_route=%2Fwp%2Fv2%2Fcomments&post=52"}],"version-history":[{"count":9,"href":"https:\/\/m\u00e4nnerchor-leibstadt.ch\/index.php?rest_route=\/wp\/v2\/pages\/52\/revisions"}],"predecessor-version":[{"id":3619,"href":"https:\/\/m\u00e4nnerchor-leibstadt.ch\/index.php?rest_route=\/wp\/v2\/pages\/52\/revisions\/3619"}],"wp:attachment":[{"href":"https:\/\/m\u00e4nnerchor-leibstadt.ch\/index.php?rest_route=%2Fwp%2Fv2%2Fmedia&parent=52"}],"curies":[{"name":"wp","href":"https:\/\/api.w.org\/{rel}","templated":true}]}}