{"id":78,"date":"2023-12-27T20:18:56","date_gmt":"2023-12-27T20:18:56","guid":{"rendered":"https:\/\/xn--mnnerchor-leibstadt-gwb.ch\/?page_id=78"},"modified":"2024-02-19T13:41:09","modified_gmt":"2024-02-19T12:41:09","slug":"vorstand","status":"publish","type":"page","link":"https:\/\/m\u00e4nnerchor-leibstadt.ch\/?page_id=78","title":{"rendered":"Vorstand"},"content":{"rendered":"\t\t<div data-elementor-type=\"wp-page\" data-elementor-id=\"78\" class=\"elementor elementor-78\">\n\t\t\t\t\t\t<section class=\"elementor-section elementor-top-section elementor-element elementor-element-856d6d5 elementor-section-boxed elementor-section-height-default elementor-section-height-default\" data-id=\"856d6d5\" data-element_type=\"section\" data-e-type=\"section\">\n\t\t\t\t\t\t<div class=\"elementor-container elementor-column-gap-narrow\">\n\t\t\t\t\t<div class=\"elementor-column elementor-col-100 elementor-top-column elementor-element elementor-element-910f20c\" data-id=\"910f20c\" data-element_type=\"column\" data-e-type=\"column\">\n\t\t\t<div class=\"elementor-widget-wrap elementor-element-populated\">\n\t\t\t\t\t\t<div class=\"elementor-element elementor-element-f86abd4 elementor-widget elementor-widget-heading\" data-id=\"f86abd4\" data-element_type=\"widget\" data-e-type=\"widget\" data-widget_type=\"heading.default\">\n\t\t\t\t<div class=\"elementor-widget-container\">\n\t\t\t\t\t<h1 class=\"elementor-heading-title elementor-size-default\">Unser Vorstand<\/h1>\t\t\t\t<\/div>\n\t\t\t\t<\/div>\n\t\t\t\t<div class=\"elementor-element elementor-element-ceb2e8b elementor-widget elementor-widget-spacer\" data-id=\"ceb2e8b\" data-element_type=\"widget\" data-e-type=\"widget\" data-widget_type=\"spacer.default\">\n\t\t\t\t<div class=\"elementor-widget-container\">\n\t\t\t\t\t\t\t<div class=\"elementor-spacer\">\n\t\t\t<div class=\"elementor-spacer-inner\"><\/div>\n\t\t<\/div>\n\t\t\t\t\t\t<\/div>\n\t\t\t\t<\/div>\n\t\t\t\t\t<\/div>\n\t\t<\/div>\n\t\t\t\t\t<\/div>\n\t\t<\/section>\n\t\t\t\t<section class=\"elementor-section elementor-top-section elementor-element elementor-element-d83d418 elementor-section-boxed elementor-section-height-default elementor-section-height-default\" data-id=\"d83d418\" data-element_type=\"section\" data-e-type=\"section\" data-settings=\"{&quot;background_background&quot;:&quot;classic&quot;}\">\n\t\t\t\t\t\t<div class=\"elementor-container elementor-column-gap-default\">\n\t\t\t\t\t<div class=\"elementor-column elementor-col-50 elementor-top-column elementor-element elementor-element-21e6077\" data-id=\"21e6077\" data-element_type=\"column\" data-e-type=\"column\">\n\t\t\t<div class=\"elementor-widget-wrap elementor-element-populated\">\n\t\t\t\t\t\t<section class=\"elementor-section elementor-inner-section elementor-element elementor-element-b1e5cbc elementor-section-boxed elementor-section-height-default elementor-section-height-default\" data-id=\"b1e5cbc\" data-element_type=\"section\" data-e-type=\"section\">\n\t\t\t\t\t\t<div class=\"elementor-container elementor-column-gap-default\">\n\t\t\t\t\t<div class=\"elementor-column elementor-col-50 elementor-inner-column elementor-element elementor-element-3fc6bf8\" data-id=\"3fc6bf8\" data-element_type=\"column\" data-e-type=\"column\">\n\t\t\t<div class=\"elementor-widget-wrap elementor-element-populated\">\n\t\t\t\t\t\t<div class=\"elementor-element elementor-element-e88b802 elementor-widget__width-initial elementor-widget elementor-widget-image\" data-id=\"e88b802\" data-element_type=\"widget\" data-e-type=\"widget\" data-widget_type=\"image.default\">\n\t\t\t\t<div class=\"elementor-widget-container\">\n\t\t\t\t\t\t\t\t\t\t\t\t\t\t\t<img fetchpriority=\"high\" decoding=\"async\" width=\"239\" height=\"300\" src=\"https:\/\/xn--mnnerchor-leibstadt-gwb.ch\/wp-content\/uploads\/2024\/02\/IMG_8770-239x300.jpg\" class=\"attachment-medium size-medium wp-image-1093\" alt=\"Pr\u00e4sident Rolf G\u00e4rtner\" srcset=\"https:\/\/xn--mnnerchor-leibstadt-gwb.ch\/wp-content\/uploads\/2024\/02\/IMG_8770-239x300.jpg 239w, https:\/\/xn--mnnerchor-leibstadt-gwb.ch\/wp-content\/uploads\/2024\/02\/IMG_8770-815x1024.jpg 815w, https:\/\/xn--mnnerchor-leibstadt-gwb.ch\/wp-content\/uploads\/2024\/02\/IMG_8770-768x965.jpg 768w, https:\/\/xn--mnnerchor-leibstadt-gwb.ch\/wp-content\/uploads\/2024\/02\/IMG_8770-1222x1536.jpg 1222w, https:\/\/xn--mnnerchor-leibstadt-gwb.ch\/wp-content\/uploads\/2024\/02\/IMG_8770-1629x2048.jpg 1629w, https:\/\/xn--mnnerchor-leibstadt-gwb.ch\/wp-content\/uploads\/2024\/02\/IMG_8770-scaled.jpg 2036w\" sizes=\"(max-width: 239px) 100vw, 239px\" \/>\t\t\t\t\t\t\t\t\t\t\t\t\t\t\t<\/div>\n\t\t\t\t<\/div>\n\t\t\t\t\t<\/div>\n\t\t<\/div>\n\t\t\t\t<div class=\"elementor-column elementor-col-50 elementor-inner-column elementor-element elementor-element-ec5a485\" data-id=\"ec5a485\" data-element_type=\"column\" data-e-type=\"column\">\n\t\t\t<div class=\"elementor-widget-wrap elementor-element-populated\">\n\t\t\t\t\t\t<div class=\"elementor-element elementor-element-9da84d8 elementor-widget elementor-widget-heading\" data-id=\"9da84d8\" data-element_type=\"widget\" data-e-type=\"widget\" data-widget_type=\"heading.default\">\n\t\t\t\t<div class=\"elementor-widget-container\">\n\t\t\t\t\t<h2 class=\"elementor-heading-title elementor-size-default\">Rolf G\u00e4rtner<\/h2>\t\t\t\t<\/div>\n\t\t\t\t<\/div>\n\t\t\t\t<div class=\"elementor-element elementor-element-44a0fef elementor-widget elementor-widget-heading\" data-id=\"44a0fef\" data-element_type=\"widget\" data-e-type=\"widget\" data-widget_type=\"heading.default\">\n\t\t\t\t<div class=\"elementor-widget-container\">\n\t\t\t\t\t<h5 class=\"elementor-heading-title elementor-size-default\">PR\u00c4SIDENT<\/h5>\t\t\t\t<\/div>\n\t\t\t\t<\/div>\n\t\t\t\t<div class=\"elementor-element elementor-element-b8ec014 elementor-widget elementor-widget-text-editor\" data-id=\"b8ec014\" data-element_type=\"widget\" data-e-type=\"widget\" data-widget_type=\"text-editor.default\">\n\t\t\t\t<div class=\"elementor-widget-container\">\n\t\t\t\t\t\t\t\t\t<ul>\n \t<li>&#48;&#x36;2&#32;&#x38;7&#53;&#x20;2&#53;&#x20;0&#51;<\/li>\n \t<li><a href=\"&#x6d;&#97;&#105;l&#x74;&#x6f;&#58;v&#x6f;&#x72;&#115;ta&#x6e;&#100;&#64;m\u00e4&#110;n&#x65;&#x72;&#99;&#104;o&#x72;&#x2d;&#108;e&#x69;&#x62;&#115;t&#x61;&#x64;&#116;&#46;c&#x68;\">&#x76;&#111;&#114;s&#x74;&#x61;&#110;d&#x40;&#x6d;\u00e4&#x6e;&#x6e;&#101;r&#x63;&#x68;&#111;r&#x2d;&#x6c;&#101;i&#x62;&#x73;&#116;&#97;d&#x74;&#x2e;&#99;h<\/a><\/li>\n \t<li><a href=\"&#x6d;&#97;&#105;l&#x74;&#x6f;&#58;r&#x6f;&#x6c;&#102;ga&#x65;&#114;&#116;n&#x65;&#x72;&#64;g&#x6d;&#x78;&#46;&#99;h\">&#x72;&#111;&#x6c;&#x66;&#103;&#x61;&#x65;&#114;&#x74;&#x6e;&#101;&#x72;&#x40;g&#x6d;&#x78;&#46;&#x63;&#104;<\/a><\/li>\n<\/ul>\t\t\t\t\t\t\t\t<\/div>\n\t\t\t\t<\/div>\n\t\t\t\t\t<\/div>\n\t\t<\/div>\n\t\t\t\t\t<\/div>\n\t\t<\/section>\n\t\t\t\t<section class=\"elementor-section elementor-inner-section elementor-element elementor-element-e80077d elementor-section-boxed elementor-section-height-default elementor-section-height-default\" data-id=\"e80077d\" data-element_type=\"section\" data-e-type=\"section\">\n\t\t\t\t\t\t<div class=\"elementor-container elementor-column-gap-default\">\n\t\t\t\t\t<div class=\"elementor-column elementor-col-100 elementor-inner-column elementor-element elementor-element-a033fff\" data-id=\"a033fff\" data-element_type=\"column\" data-e-type=\"column\">\n\t\t\t<div class=\"elementor-widget-wrap\">\n\t\t\t\t\t\t\t<\/div>\n\t\t<\/div>\n\t\t\t\t\t<\/div>\n\t\t<\/section>\n\t\t\t\t\t<\/div>\n\t\t<\/div>\n\t\t\t\t<div class=\"elementor-column elementor-col-50 elementor-top-column elementor-element elementor-element-f7c1bf0\" data-id=\"f7c1bf0\" data-element_type=\"column\" data-e-type=\"column\">\n\t\t\t<div class=\"elementor-widget-wrap elementor-element-populated\">\n\t\t\t\t\t\t<section class=\"elementor-section elementor-inner-section elementor-element elementor-element-fe56183 elementor-section-boxed elementor-section-height-default elementor-section-height-default\" data-id=\"fe56183\" data-element_type=\"section\" data-e-type=\"section\">\n\t\t\t\t\t\t<div class=\"elementor-container elementor-column-gap-default\">\n\t\t\t\t\t<div class=\"elementor-column elementor-col-50 elementor-inner-column elementor-element elementor-element-6888de0\" data-id=\"6888de0\" data-element_type=\"column\" data-e-type=\"column\">\n\t\t\t<div class=\"elementor-widget-wrap elementor-element-populated\">\n\t\t\t\t\t\t<div class=\"elementor-element elementor-element-fcc7ced elementor-widget__width-initial elementor-widget elementor-widget-image\" data-id=\"fcc7ced\" data-element_type=\"widget\" data-e-type=\"widget\" data-widget_type=\"image.default\">\n\t\t\t\t<div class=\"elementor-widget-container\">\n\t\t\t\t\t\t\t\t\t\t\t\t\t\t\t<img decoding=\"async\" width=\"225\" height=\"300\" src=\"https:\/\/xn--mnnerchor-leibstadt-gwb.ch\/wp-content\/uploads\/2024\/02\/IMG_8769-225x300.jpg\" class=\"attachment-medium size-medium wp-image-1092\" alt=\"Aktuar Max Marchegger\" srcset=\"https:\/\/xn--mnnerchor-leibstadt-gwb.ch\/wp-content\/uploads\/2024\/02\/IMG_8769-225x300.jpg 225w, https:\/\/xn--mnnerchor-leibstadt-gwb.ch\/wp-content\/uploads\/2024\/02\/IMG_8769-770x1024.jpg 770w, https:\/\/xn--mnnerchor-leibstadt-gwb.ch\/wp-content\/uploads\/2024\/02\/IMG_8769-768x1022.jpg 768w, https:\/\/xn--mnnerchor-leibstadt-gwb.ch\/wp-content\/uploads\/2024\/02\/IMG_8769-1154x1536.jpg 1154w, https:\/\/xn--mnnerchor-leibstadt-gwb.ch\/wp-content\/uploads\/2024\/02\/IMG_8769-1539x2048.jpg 1539w, https:\/\/xn--mnnerchor-leibstadt-gwb.ch\/wp-content\/uploads\/2024\/02\/IMG_8769-scaled.jpg 1924w\" sizes=\"(max-width: 225px) 100vw, 225px\" \/>\t\t\t\t\t\t\t\t\t\t\t\t\t\t\t<\/div>\n\t\t\t\t<\/div>\n\t\t\t\t\t<\/div>\n\t\t<\/div>\n\t\t\t\t<div class=\"elementor-column elementor-col-50 elementor-inner-column elementor-element elementor-element-dfb7f89\" data-id=\"dfb7f89\" data-element_type=\"column\" data-e-type=\"column\">\n\t\t\t<div class=\"elementor-widget-wrap elementor-element-populated\">\n\t\t\t\t\t\t<div class=\"elementor-element elementor-element-2a5f0a1 elementor-widget elementor-widget-heading\" data-id=\"2a5f0a1\" data-element_type=\"widget\" data-e-type=\"widget\" data-widget_type=\"heading.default\">\n\t\t\t\t<div class=\"elementor-widget-container\">\n\t\t\t\t\t<h2 class=\"elementor-heading-title elementor-size-default\">Max Marchegger<\/h2>\t\t\t\t<\/div>\n\t\t\t\t<\/div>\n\t\t\t\t<div class=\"elementor-element elementor-element-c410b86 elementor-widget elementor-widget-heading\" data-id=\"c410b86\" data-element_type=\"widget\" data-e-type=\"widget\" data-widget_type=\"heading.default\">\n\t\t\t\t<div class=\"elementor-widget-container\">\n\t\t\t\t\t<h5 class=\"elementor-heading-title elementor-size-default\">AKTUAR<\/h5>\t\t\t\t<\/div>\n\t\t\t\t<\/div>\n\t\t\t\t<div class=\"elementor-element elementor-element-d1b7d67 elementor-widget elementor-widget-text-editor\" data-id=\"d1b7d67\" data-element_type=\"widget\" data-e-type=\"widget\" data-widget_type=\"text-editor.default\">\n\t\t\t\t<div class=\"elementor-widget-container\">\n\t\t\t\t\t\t\t\t\t<ul>\n<li>056 247 16 54<\/li>\n<li><a href=\"&#109;&#x61;&#105;&#x6c;&#116;&#x6f;&#58;&#x76;&#111;&#x72;&#115;&#x74;&#97;&#x6e;&#100;&#x40;&#109;\u00e4&#x6e;&#110;&#x65;&#114;&#x63;&#104;&#x6f;r&#x2d;l&#x65;i&#x62;s&#x74;a&#x64;t&#x2e;c&#x68;\">vorstand&#64;m\u00e4nnerchor-lei&#98;&#115;&#116;&#97;&#100;&#116;&#46;&#99;&#104;<\/a><br><br><\/li>\n<\/ul>\t\t\t\t\t\t\t\t<\/div>\n\t\t\t\t<\/div>\n\t\t\t\t\t<\/div>\n\t\t<\/div>\n\t\t\t\t\t<\/div>\n\t\t<\/section>\n\t\t\t\t\t<\/div>\n\t\t<\/div>\n\t\t\t\t\t<\/div>\n\t\t<\/section>\n\t\t\t\t<section class=\"elementor-section elementor-top-section elementor-element elementor-element-b07248f elementor-section-boxed elementor-section-height-default elementor-section-height-default\" data-id=\"b07248f\" data-element_type=\"section\" data-e-type=\"section\">\n\t\t\t\t\t\t<div class=\"elementor-container elementor-column-gap-default\">\n\t\t\t\t\t<div class=\"elementor-column elementor-col-50 elementor-top-column elementor-element elementor-element-41daacf\" data-id=\"41daacf\" data-element_type=\"column\" data-e-type=\"column\">\n\t\t\t<div class=\"elementor-widget-wrap elementor-element-populated\">\n\t\t\t\t\t\t<section class=\"elementor-section elementor-inner-section elementor-element elementor-element-f39e160 elementor-section-boxed elementor-section-height-default elementor-section-height-default\" data-id=\"f39e160\" data-element_type=\"section\" data-e-type=\"section\">\n\t\t\t\t\t\t<div class=\"elementor-container elementor-column-gap-default\">\n\t\t\t\t\t<div class=\"elementor-column elementor-col-50 elementor-inner-column elementor-element elementor-element-7e68c39\" data-id=\"7e68c39\" data-element_type=\"column\" data-e-type=\"column\">\n\t\t\t<div class=\"elementor-widget-wrap elementor-element-populated\">\n\t\t\t\t\t\t<div class=\"elementor-element elementor-element-49f7bf8 elementor-widget__width-initial elementor-widget elementor-widget-image\" data-id=\"49f7bf8\" data-element_type=\"widget\" data-e-type=\"widget\" data-widget_type=\"image.default\">\n\t\t\t\t<div class=\"elementor-widget-container\">\n\t\t\t\t\t\t\t\t\t\t\t\t\t\t\t<img decoding=\"async\" width=\"213\" height=\"300\" src=\"https:\/\/xn--mnnerchor-leibstadt-gwb.ch\/wp-content\/uploads\/2024\/02\/IMG_8774-213x300.jpg\" class=\"attachment-medium size-medium wp-image-1095\" alt=\"Kassier Bruno Rennhard\" srcset=\"https:\/\/xn--mnnerchor-leibstadt-gwb.ch\/wp-content\/uploads\/2024\/02\/IMG_8774-213x300.jpg 213w, https:\/\/xn--mnnerchor-leibstadt-gwb.ch\/wp-content\/uploads\/2024\/02\/IMG_8774-728x1024.jpg 728w, https:\/\/xn--mnnerchor-leibstadt-gwb.ch\/wp-content\/uploads\/2024\/02\/IMG_8774-768x1081.jpg 768w, https:\/\/xn--mnnerchor-leibstadt-gwb.ch\/wp-content\/uploads\/2024\/02\/IMG_8774-1091x1536.jpg 1091w, https:\/\/xn--mnnerchor-leibstadt-gwb.ch\/wp-content\/uploads\/2024\/02\/IMG_8774-1455x2048.jpg 1455w, https:\/\/xn--mnnerchor-leibstadt-gwb.ch\/wp-content\/uploads\/2024\/02\/IMG_8774-scaled.jpg 1819w\" sizes=\"(max-width: 213px) 100vw, 213px\" \/>\t\t\t\t\t\t\t\t\t\t\t\t\t\t\t<\/div>\n\t\t\t\t<\/div>\n\t\t\t\t\t<\/div>\n\t\t<\/div>\n\t\t\t\t<div class=\"elementor-column elementor-col-50 elementor-inner-column elementor-element elementor-element-d9e4afd\" data-id=\"d9e4afd\" data-element_type=\"column\" data-e-type=\"column\">\n\t\t\t<div class=\"elementor-widget-wrap elementor-element-populated\">\n\t\t\t\t\t\t<div class=\"elementor-element elementor-element-4c9533b elementor-widget elementor-widget-heading\" data-id=\"4c9533b\" data-element_type=\"widget\" data-e-type=\"widget\" data-widget_type=\"heading.default\">\n\t\t\t\t<div class=\"elementor-widget-container\">\n\t\t\t\t\t<h2 class=\"elementor-heading-title elementor-size-default\">Bruno Rennhard<\/h2>\t\t\t\t<\/div>\n\t\t\t\t<\/div>\n\t\t\t\t<div class=\"elementor-element elementor-element-eef1e0f elementor-widget elementor-widget-heading\" data-id=\"eef1e0f\" data-element_type=\"widget\" data-e-type=\"widget\" data-widget_type=\"heading.default\">\n\t\t\t\t<div class=\"elementor-widget-container\">\n\t\t\t\t\t<h5 class=\"elementor-heading-title elementor-size-default\">KASSIER<\/h5>\t\t\t\t<\/div>\n\t\t\t\t<\/div>\n\t\t\t\t<div class=\"elementor-element elementor-element-855cf24 elementor-widget elementor-widget-text-editor\" data-id=\"855cf24\" data-element_type=\"widget\" data-e-type=\"widget\" data-widget_type=\"text-editor.default\">\n\t\t\t\t<div class=\"elementor-widget-container\">\n\t\t\t\t\t\t\t\t\t<ul><li>079 254 38 27<\/li><li><a href=\"&#109;&#x61;i&#x6c;t&#111;&#x3a;&#118;&#x6f;r&#115;&#x74;&#97;&#x6e;d&#x40;&#x6d;\u00e4n&#x6e;e&#114;&#x63;&#104;&#x6f;r&#45;&#x6c;&#101;&#x69;b&#115;&#x74;&#97;&#x64;t&#x2e;&#x63;&#104;\">&#x76;&#x6f;&#x72;&#x73;&#x74;&#x61;&#110;&#100;&#64;&#109;\u00e4nn&#x65;&#x72;&#x63;&#x68;&#x6f;&#x72;&#45;&#108;&#101;&#105;&#98;sta&#x64;&#x74;&#x2e;&#x63;&#x68;<\/a><br \/><br \/><\/li><\/ul>\t\t\t\t\t\t\t\t<\/div>\n\t\t\t\t<\/div>\n\t\t\t\t\t<\/div>\n\t\t<\/div>\n\t\t\t\t\t<\/div>\n\t\t<\/section>\n\t\t\t\t\t<\/div>\n\t\t<\/div>\n\t\t\t\t<div class=\"elementor-column elementor-col-50 elementor-top-column elementor-element elementor-element-26c8ec9\" data-id=\"26c8ec9\" data-element_type=\"column\" data-e-type=\"column\">\n\t\t\t<div class=\"elementor-widget-wrap elementor-element-populated\">\n\t\t\t\t\t\t<section class=\"elementor-section elementor-inner-section elementor-element elementor-element-ea882c9 elementor-section-boxed elementor-section-height-default elementor-section-height-default\" data-id=\"ea882c9\" data-element_type=\"section\" data-e-type=\"section\">\n\t\t\t\t\t\t<div class=\"elementor-container elementor-column-gap-default\">\n\t\t\t\t\t<div class=\"elementor-column elementor-col-50 elementor-inner-column elementor-element elementor-element-649c8f5\" data-id=\"649c8f5\" data-element_type=\"column\" data-e-type=\"column\">\n\t\t\t<div class=\"elementor-widget-wrap elementor-element-populated\">\n\t\t\t\t\t\t<div class=\"elementor-element elementor-element-6a884bc elementor-widget__width-initial elementor-widget elementor-widget-image\" data-id=\"6a884bc\" data-element_type=\"widget\" data-e-type=\"widget\" data-widget_type=\"image.default\">\n\t\t\t\t<div class=\"elementor-widget-container\">\n\t\t\t\t\t\t\t\t\t\t\t\t\t\t\t<img loading=\"lazy\" decoding=\"async\" width=\"214\" height=\"300\" src=\"https:\/\/xn--mnnerchor-leibstadt-gwb.ch\/wp-content\/uploads\/2024\/02\/IMG_8772-214x300.jpg\" class=\"attachment-medium size-medium wp-image-1094\" alt=\"Chorleiter Georg Masanz\" srcset=\"https:\/\/xn--mnnerchor-leibstadt-gwb.ch\/wp-content\/uploads\/2024\/02\/IMG_8772-214x300.jpg 214w, https:\/\/xn--mnnerchor-leibstadt-gwb.ch\/wp-content\/uploads\/2024\/02\/IMG_8772-729x1024.jpg 729w, https:\/\/xn--mnnerchor-leibstadt-gwb.ch\/wp-content\/uploads\/2024\/02\/IMG_8772-768x1079.jpg 768w, https:\/\/xn--mnnerchor-leibstadt-gwb.ch\/wp-content\/uploads\/2024\/02\/IMG_8772-1094x1536.jpg 1094w, https:\/\/xn--mnnerchor-leibstadt-gwb.ch\/wp-content\/uploads\/2024\/02\/IMG_8772-1458x2048.jpg 1458w, https:\/\/xn--mnnerchor-leibstadt-gwb.ch\/wp-content\/uploads\/2024\/02\/IMG_8772-scaled.jpg 1823w\" sizes=\"(max-width: 214px) 100vw, 214px\" \/>\t\t\t\t\t\t\t\t\t\t\t\t\t\t\t<\/div>\n\t\t\t\t<\/div>\n\t\t\t\t\t<\/div>\n\t\t<\/div>\n\t\t\t\t<div class=\"elementor-column elementor-col-50 elementor-inner-column elementor-element elementor-element-53d62eb\" data-id=\"53d62eb\" data-element_type=\"column\" data-e-type=\"column\">\n\t\t\t<div class=\"elementor-widget-wrap elementor-element-populated\">\n\t\t\t\t\t\t<div class=\"elementor-element elementor-element-0df44c6 elementor-widget elementor-widget-heading\" data-id=\"0df44c6\" data-element_type=\"widget\" data-e-type=\"widget\" data-widget_type=\"heading.default\">\n\t\t\t\t<div class=\"elementor-widget-container\">\n\t\t\t\t\t<h2 class=\"elementor-heading-title elementor-size-default\">Georg Masanz<\/h2>\t\t\t\t<\/div>\n\t\t\t\t<\/div>\n\t\t\t\t<div class=\"elementor-element elementor-element-20492cf elementor-widget elementor-widget-heading\" data-id=\"20492cf\" data-element_type=\"widget\" data-e-type=\"widget\" data-widget_type=\"heading.default\">\n\t\t\t\t<div class=\"elementor-widget-container\">\n\t\t\t\t\t<h5 class=\"elementor-heading-title elementor-size-default\">DIRIGENT<\/h5>\t\t\t\t<\/div>\n\t\t\t\t<\/div>\n\t\t\t\t<div class=\"elementor-element elementor-element-e8a3178 elementor-widget elementor-widget-text-editor\" data-id=\"e8a3178\" data-element_type=\"widget\" data-e-type=\"widget\" data-widget_type=\"text-editor.default\">\n\t\t\t\t<div class=\"elementor-widget-container\">\n\t\t\t\t\t\t\t\t\t<ul><li>056 282 20 69<\/li><li><a href=\"&#x6d;&#97;i&#x6c;&#116;o&#x3a;&#118;o&#x72;&#115;t&#x61;&#110;d&#x40;&#x6d;\u00e4&#x6e;&#110;&#x65;&#x72;&#99;&#x68;&#x6f;&#114;-&#x6c;&#101;i&#x62;&#115;t&#x61;&#100;t&#x2e;&#99;h\">&#118;&#x6f;&#114;&#x73;t&#x61;n&#100;&#x40;&#109;\u00e4&#x6e;n&#101;&#x72;&#99;&#x68;o&#x72;-&#108;&#x65;&#105;&#x62;s&#x74;a&#100;&#x74;&#46;&#x63;h<\/a><\/li><li><a href=\"&#x6d;&#x61;&#105;l&#x74;&#x6f;&#58;&#103;e&#x6f;&#x72;&#103;&#46;m&#x61;&#x73;&#97;nz&#x40;&#x67;&#109;x&#x2e;&#x63;&#104;\">&#103;&#x65;&#111;&#x72;&#103;&#x2e;m&#x61;s&#x61;n&#122;&#x40;&#103;&#x6d;&#120;&#x2e;&#99;&#x68;<\/a><\/li><\/ul>\t\t\t\t\t\t\t\t<\/div>\n\t\t\t\t<\/div>\n\t\t\t\t\t<\/div>\n\t\t<\/div>\n\t\t\t\t\t<\/div>\n\t\t<\/section>\n\t\t\t\t\t<\/div>\n\t\t<\/div>\n\t\t\t\t\t<\/div>\n\t\t<\/section>\n\t\t\t\t<\/div>\n\t\t","protected":false},"excerpt":{"rendered":"<p>Unser Vorstand Rolf G\u00e4rtner PR\u00c4SIDENT &#x76;&#111;&#x72;&#x73;t&#x61;&#110;d&#x40;&#109;\u00e4&#110;&#x6e;&#x65;r&#x63;&#104;o&#x72;&#45;l&#x65;&#105;&#x62;&#x73;&#116;&#x61;&#x64;t&#x2e;&#99;h &#x72;&#111;&#108;f&#x67;&#x61;&#101;r&#x74;&#x6e;&#101;r&#x40;&#x67;&#109;x&#x2e;&#x63;&#104; Max Marchegger AKTUAR 056 247 16 54 &#118;&#x6f;&#114;&#x73;t&#97;&#x6e;&#100;&#x40;m\u00e4&#110;&#x6e;&#101;&#x72;c&#x68;&#x6f;&#114;&#x2d;l&#x65;i&#98;&#x73;&#116;&#x61;d&#x74;&#46;&#99;&#x68; Bruno Rennhard KASSIER 079 254 38 27 &#118;&#x6f;r&#x73;&#x74;&#97;&#x6e;d&#x40;&#x6d;\u00e4n&#x6e;&#x65;&#114;&#x63;h&#x6f;&#x72;&#45;&#x6c;e&#x69;&#x62;&#115;&#x74;a&#x64;&#x74;&#46;&#x63;h Georg Masanz DIRIGENT 056 282 20 69 &#118;&#x6f;&#x72;s&#116;&#x61;n&#100;&#x40;&#x6d;\u00e4&#x6e;n&#101;&#x72;&#x63;h&#111;&#x72;-&#108;&#x65;&#x69;&#98;&#115;&#x74;a&#100;&#x74;&#x2e;&#99;&#x68; &#x67;&#x65;&#x6f;&#x72;&#x67;&#x2e;&#x6d;&#x61;&#x73;&#x61;&#x6e;&#x7a;&#x40;&#x67;&#x6d;&#x78;&#x2e;&#x63;&#x68;<\/p>\n","protected":false},"author":1,"featured_media":0,"parent":0,"menu_order":0,"comment_status":"closed","ping_status":"closed","template":"","meta":{"footnotes":""},"class_list":["post-78","page","type-page","status-publish","hentry"],"blocksy_meta":[],"_links":{"self":[{"href":"https:\/\/m\u00e4nnerchor-leibstadt.ch\/index.php?rest_route=\/wp\/v2\/pages\/78","targetHints":{"allow":["GET"]}}],"collection":[{"href":"https:\/\/m\u00e4nnerchor-leibstadt.ch\/index.php?rest_route=\/wp\/v2\/pages"}],"about":[{"href":"https:\/\/m\u00e4nnerchor-leibstadt.ch\/index.php?rest_route=\/wp\/v2\/types\/page"}],"author":[{"embeddable":true,"href":"https:\/\/m\u00e4nnerchor-leibstadt.ch\/index.php?rest_route=\/wp\/v2\/users\/1"}],"replies":[{"embeddable":true,"href":"https:\/\/m\u00e4nnerchor-leibstadt.ch\/index.php?rest_route=%2Fwp%2Fv2%2Fcomments&post=78"}],"version-history":[{"count":0,"href":"https:\/\/m\u00e4nnerchor-leibstadt.ch\/index.php?rest_route=\/wp\/v2\/pages\/78\/revisions"}],"wp:attachment":[{"href":"https:\/\/m\u00e4nnerchor-leibstadt.ch\/index.php?rest_route=%2Fwp%2Fv2%2Fmedia&parent=78"}],"curies":[{"name":"wp","href":"https:\/\/api.w.org\/{rel}","templated":true}]}}